{"id":415,"date":"2021-10-31T19:20:42","date_gmt":"2021-10-31T19:20:42","guid":{"rendered":"https:\/\/kindredfolk.org\/?page_id=415"},"modified":"2022-01-15T13:18:14","modified_gmt":"2022-01-15T13:18:14","slug":"donate","status":"publish","type":"page","link":"https:\/\/kindredfolk.org\/de\/donate","title":{"rendered":"Spenden"},"content":{"rendered":"<section class=\"w-section\">\r\n<div class=\"row\"><div class=\"col col-12\">\r\n    <div class=\"col-inner\"><div class=\"w-heading heading-1 text-center\">\r\n         \r\n    <span class=\"subheading\" style=\"color:#253924\">Bitte unterst\u00fctzen Sie unser neues (Abenteuer)Projekt, das mehr Tanz nach Warrington bringt<\/span>         \r\n    <h2 class=\"heading-title\">Wir bekommen unser eigenes Studio!<\/h2>            <\/div><\/div><\/div><\/div><\/section><section class=\"w-section\">\r\n<div class=\"row\"><div class=\"col col-6\">\r\n    <div class=\"col-inner\"><div class=\"w-text-block\">\n    <p style=\"text-align: center;\">Im Februar 2022 werden wir in unser neues Zuhause einziehen. Wir hoffen, dass wir dann subventionierte Raummieten f\u00fcr andere K\u00fcnstler und kleine Unternehmen sowie Kurse und Workshops f\u00fcr unsere lokale Gemeinschaft in Warrington anbieten und uns die Entwicklung weiterer Shows und Projekte erm\u00f6glichen k\u00f6nnen.<\/p>\n<p style=\"text-align: center;\">Dies ist ein sehr gro\u00dfer und aufregender Schritt f\u00fcr uns!<\/p>\n<p style=\"text-align: center;\">Wir brauchen etwas Unterst\u00fctzung, um loslegen zu k\u00f6nnen. Eine der gr\u00f6\u00dften Kosten ist die Anschaffung eines Tanzbodens. Um alles zu bekommen, was wir brauchen, um unseren Raum sch\u00f6n und komfortabel zu machen, betr\u00e4gt unser Ziel: 750 \u00a3<\/p>\n<p style=\"text-align: center;\">Sie k\u00f6nnen helfen?<\/p>\n<p style=\"text-align: center;\">Sie k\u00f6nnen uns mit einer einmaligen Spende beim Aufbau helfen oder eine monatliche Spende in H\u00f6he von nur 3 bis 5 \u00a3 pro Monat einrichten, um alle Aktivit\u00e4ten zu unterst\u00fctzen, die wir im n\u00e4chsten Jahr starten.<\/p>\n<p style=\"text-align: center;\">Wir hoffen, Sie k\u00f6nnen uns bald besuchen!<\/p>\n<p style=\"text-align: center;\">Aus<br \/>\nein sehr dankbarer<br \/>\nVerwandtes Volkstanztheater<\/p>\n<\/div><div class=\"w-space\" style=\"height:60px\"><\/div><div class=\"w-image text-left\">\n            <img loading=\"lazy\" decoding=\"async\" width=\"2518\" height=\"2560\" src=\"https:\/\/kindredfolk.org\/wp-content\/uploads\/2021\/10\/Emily-Oshea-Dance-3-scaled.jpg\" class=\"attachment-full size-full\" alt=\"\" srcset=\"https:\/\/kindredfolk.org\/wp-content\/uploads\/2021\/10\/Emily-Oshea-Dance-3-scaled.jpg 2518w, https:\/\/kindredfolk.org\/wp-content\/uploads\/2021\/10\/Emily-Oshea-Dance-3-295x300.jpg 295w, https:\/\/kindredfolk.org\/wp-content\/uploads\/2021\/10\/Emily-Oshea-Dance-3-1007x1024.jpg 1007w, https:\/\/kindredfolk.org\/wp-content\/uploads\/2021\/10\/Emily-Oshea-Dance-3-768x781.jpg 768w, https:\/\/kindredfolk.org\/wp-content\/uploads\/2021\/10\/Emily-Oshea-Dance-3-1511x1536.jpg 1511w, https:\/\/kindredfolk.org\/wp-content\/uploads\/2021\/10\/Emily-Oshea-Dance-3-2014x2048.jpg 2014w, https:\/\/kindredfolk.org\/wp-content\/uploads\/2021\/10\/Emily-Oshea-Dance-3-640x651.jpg 640w, https:\/\/kindredfolk.org\/wp-content\/uploads\/2021\/10\/Emily-Oshea-Dance-3-1280x1301.jpg 1280w\" sizes=\"auto, (max-width: 2518px) 100vw, 2518px\" \/>    <\/div>\n<\/div><\/div><div class=\"col col-6\">\r\n    <div class=\"col-inner\"><div class=\"w-space\" style=\"height:30px\"><\/div><div class=\"w-text-block\">\n    <p><script src=\"https:\/\/donorbox.org\/widget.js\" paypalExpress=\"false\"><\/script><iframe loading=\"lazy\" style=\"max-width: 500px; min-width: 250px; max-height: none!important;\" src=\"https:\/\/donorbox.org\/embed\/support-our-studio?default_interval=o&amp;hide_donation_meter=true\" name=\"donorbox\" width=\"100%\" height=\"900px\" frameborder=\"0\" scrolling=\"no\" seamless=\"seamless\"><\/iframe><\/p>\n<\/div><\/div><\/div><\/div><\/section><section class=\"w-section\">\r\n<div class=\"row\"><div class=\"col col-6\">\r\n    <div class=\"col-inner\"><div class=\"row\">\r\n    <div class=\"col col-4\">\r\n    <div class=\"col-inner\"><div class=\"w-image text-left\">\n            <img loading=\"lazy\" decoding=\"async\" width=\"1536\" height=\"1024\" src=\"https:\/\/kindredfolk.org\/wp-content\/uploads\/2021\/10\/E96FA3A2-0742-420E-800D-B37B6CFFEC40-1536x1024-1.jpg\" class=\"attachment-full size-full\" alt=\"\" srcset=\"https:\/\/kindredfolk.org\/wp-content\/uploads\/2021\/10\/E96FA3A2-0742-420E-800D-B37B6CFFEC40-1536x1024-1.jpg 1536w, https:\/\/kindredfolk.org\/wp-content\/uploads\/2021\/10\/E96FA3A2-0742-420E-800D-B37B6CFFEC40-1536x1024-1-300x200.jpg 300w, https:\/\/kindredfolk.org\/wp-content\/uploads\/2021\/10\/E96FA3A2-0742-420E-800D-B37B6CFFEC40-1536x1024-1-1024x683.jpg 1024w, https:\/\/kindredfolk.org\/wp-content\/uploads\/2021\/10\/E96FA3A2-0742-420E-800D-B37B6CFFEC40-1536x1024-1-768x512.jpg 768w, https:\/\/kindredfolk.org\/wp-content\/uploads\/2021\/10\/E96FA3A2-0742-420E-800D-B37B6CFFEC40-1536x1024-1-640x427.jpg 640w, https:\/\/kindredfolk.org\/wp-content\/uploads\/2021\/10\/E96FA3A2-0742-420E-800D-B37B6CFFEC40-1536x1024-1-1280x853.jpg 1280w\" sizes=\"auto, (max-width: 1536px) 100vw, 1536px\" \/>    <\/div>\n<\/div><\/div><div class=\"col col-4\">\r\n    <div class=\"col-inner\"><div class=\"w-image text-left\">\n            <img loading=\"lazy\" decoding=\"async\" width=\"2560\" height=\"1708\" src=\"https:\/\/kindredfolk.org\/wp-content\/uploads\/2021\/10\/shutterstock_1697259301-scaled.jpg\" class=\"attachment-full size-full\" alt=\"\" srcset=\"https:\/\/kindredfolk.org\/wp-content\/uploads\/2021\/10\/shutterstock_1697259301-scaled.jpg 2560w, https:\/\/kindredfolk.org\/wp-content\/uploads\/2021\/10\/shutterstock_1697259301-300x200.jpg 300w, https:\/\/kindredfolk.org\/wp-content\/uploads\/2021\/10\/shutterstock_1697259301-1024x683.jpg 1024w, https:\/\/kindredfolk.org\/wp-content\/uploads\/2021\/10\/shutterstock_1697259301-768x512.jpg 768w, https:\/\/kindredfolk.org\/wp-content\/uploads\/2021\/10\/shutterstock_1697259301-1536x1025.jpg 1536w, https:\/\/kindredfolk.org\/wp-content\/uploads\/2021\/10\/shutterstock_1697259301-2048x1367.jpg 2048w, https:\/\/kindredfolk.org\/wp-content\/uploads\/2021\/10\/shutterstock_1697259301-640x427.jpg 640w, https:\/\/kindredfolk.org\/wp-content\/uploads\/2021\/10\/shutterstock_1697259301-1280x854.jpg 1280w\" sizes=\"auto, (max-width: 2560px) 100vw, 2560px\" \/>    <\/div>\n<\/div><\/div><div class=\"col col-4\">\r\n    <div class=\"col-inner\"><div class=\"w-image text-left\">\n            <img loading=\"lazy\" decoding=\"async\" width=\"1536\" height=\"1023\" src=\"https:\/\/kindredfolk.org\/wp-content\/uploads\/2021\/10\/7DCACFFF-060A-4424-B35D-890298C050B3-1536x1023-1.jpg\" class=\"attachment-full size-full\" alt=\"\" srcset=\"https:\/\/kindredfolk.org\/wp-content\/uploads\/2021\/10\/7DCACFFF-060A-4424-B35D-890298C050B3-1536x1023-1.jpg 1536w, https:\/\/kindredfolk.org\/wp-content\/uploads\/2021\/10\/7DCACFFF-060A-4424-B35D-890298C050B3-1536x1023-1-300x200.jpg 300w, https:\/\/kindredfolk.org\/wp-content\/uploads\/2021\/10\/7DCACFFF-060A-4424-B35D-890298C050B3-1536x1023-1-1024x682.jpg 1024w, https:\/\/kindredfolk.org\/wp-content\/uploads\/2021\/10\/7DCACFFF-060A-4424-B35D-890298C050B3-1536x1023-1-768x512.jpg 768w, https:\/\/kindredfolk.org\/wp-content\/uploads\/2021\/10\/7DCACFFF-060A-4424-B35D-890298C050B3-1536x1023-1-640x426.jpg 640w, https:\/\/kindredfolk.org\/wp-content\/uploads\/2021\/10\/7DCACFFF-060A-4424-B35D-890298C050B3-1536x1023-1-1280x853.jpg 1280w\" sizes=\"auto, (max-width: 1536px) 100vw, 1536px\" \/>    <\/div>\n<\/div><\/div><\/div><\/div><\/div><div class=\"col col-6\">\r\n    <div class=\"col-inner\"><div class=\"w-text-block\">\n    <p><script src=\"https:\/\/donorbox.org\/widget.js\" paypalExpress=\"false\"><\/script><iframe loading=\"lazy\" style=\"max-width: 500px; min-width: 250px; max-height: none!important;\" src=\"https:\/\/donorbox.org\/embed\/support-our-studio?only_donation_meter=true&amp;donation_meter_color=%23253924\" name=\"donorbox\" width=\"100%\" height=\"93px\" frameborder=\"0\" scrolling=\"no\" seamless=\"seamless\"><\/iframe><\/p>\n<\/div><div class=\"w-text-block\">\n    <p><script src=\"https:\/\/donorbox.org\/widget.js\" paypalExpress=\"false\"><\/script><iframe style=\"width: 100%; max-width: 500px; min-width: 310px; max-height: none !important;\" src=\"https:\/\/donorbox.org\/embed\/support-our-studio?only_donor_wall=true\" name=\"donorbox\" frameborder=\"0\" scrolling=\"no\" seamless=\"seamless\"><\/iframe><\/p>\n<\/div><\/div><\/div><\/div><\/section>","protected":false},"excerpt":{"rendered":"Please support our new (ad)venture, bringing more dance to Warrington We are getting our own studio! In February 2022 we will be moving in to our new home. We hope [...]","protected":false},"author":1,"featured_media":0,"parent":0,"menu_order":0,"comment_status":"closed","ping_status":"closed","template":"","meta":{"footnotes":""},"class_list":["post-415","page","type-page","status-publish","hentry"],"_links":{"self":[{"href":"https:\/\/kindredfolk.org\/de\/wp-json\/wp\/v2\/pages\/415","targetHints":{"allow":["GET"]}}],"collection":[{"href":"https:\/\/kindredfolk.org\/de\/wp-json\/wp\/v2\/pages"}],"about":[{"href":"https:\/\/kindredfolk.org\/de\/wp-json\/wp\/v2\/types\/page"}],"author":[{"embeddable":true,"href":"https:\/\/kindredfolk.org\/de\/wp-json\/wp\/v2\/users\/1"}],"replies":[{"embeddable":true,"href":"https:\/\/kindredfolk.org\/de\/wp-json\/wp\/v2\/comments?post=415"}],"version-history":[{"count":18,"href":"https:\/\/kindredfolk.org\/de\/wp-json\/wp\/v2\/pages\/415\/revisions"}],"predecessor-version":[{"id":485,"href":"https:\/\/kindredfolk.org\/de\/wp-json\/wp\/v2\/pages\/415\/revisions\/485"}],"wp:attachment":[{"href":"https:\/\/kindredfolk.org\/de\/wp-json\/wp\/v2\/media?parent=415"}],"curies":[{"name":"wp","href":"https:\/\/api.w.org\/{rel}","templated":true}]}}