{"id":351,"date":"2021-10-29T13:08:48","date_gmt":"2021-10-29T13:08:48","guid":{"rendered":"https:\/\/kindredfolk.org\/?page_id=351"},"modified":"2021-11-18T14:40:31","modified_gmt":"2021-11-18T14:40:31","slug":"terms-and-conditions","status":"publish","type":"page","link":"https:\/\/kindredfolk.org\/de\/terms-and-conditions","title":{"rendered":"Gesch\u00e4ftsbedingungen"},"content":{"rendered":"<section class=\"w-section\">\r\n<div class=\"row\"><div class=\"col col-12\">\r\n    <div class=\"col-inner\"><div class=\"w-text-block\">\n    <p><span style=\"font-weight: 400; font-size: 24pt;\">GESCH\u00c4FTSBEDINGUNGEN\u00a0<\/span><\/p>\n<p>&nbsp;<\/p>\n<p><span style=\"font-weight: 400;\">Zuletzt aktualisiert: 29. Oktober 2021<\/span><\/p>\n<p>&nbsp;<\/p>\n<p><span style=\"font-weight: 400;\">Der Zugriff auf und die Nutzung von \u201ekindredfolk.org\u201c sowohl im Vereinigten K\u00f6nigreich als auch international wird vom Kindred Folk Dance Theatre zu den folgenden Bedingungen gew\u00e4hrt:<\/span><\/p>\n<ol>\n<li style=\"font-weight: 400;\" aria-level=\"1\"><span style=\"font-weight: 400;\">Durch die Nutzung von kindredfolk.org erkl\u00e4ren Sie sich mit diesen Bedingungen einverstanden, die mit Ihrer ersten Nutzung dieser Website sofort in Kraft treten. Wenn Sie nicht mit allen folgenden Bedingungen einverstanden sind, greifen Sie bitte nicht auf culturewarrington.org zu, verwenden Sie es nicht und\/oder leisten Sie keinen Beitrag dazu.<\/span><\/li>\n<li style=\"font-weight: 400;\" aria-level=\"1\"><span style=\"font-weight: 400;\">Diese Bedingungen k\u00f6nnen sich von Zeit zu Zeit \u00e4ndern. Sie sollten diese Bedingungen daher regelm\u00e4\u00dfig \u00fcberpr\u00fcfen. Ihre fortgesetzte Nutzung von culturewarrington.org gilt als Zustimmung zu den aktualisierten oder ge\u00e4nderten Bedingungen. Wenn Sie mit den \u00c4nderungen nicht einverstanden sind, sollten Sie die Nutzung dieser Website einstellen.<\/span><\/li>\n<\/ol>\n<p><span style=\"font-size: 18pt;\"><b>Verwendung von kindredfolk.org<\/b><\/span><\/p>\n<p><span style=\"font-weight: 400;\">Sie verpflichten sich, kindredfolk.org nur f\u00fcr rechtm\u00e4\u00dfige Zwecke und in einer Weise zu nutzen, die die Rechte anderer nicht verletzt und deren Nutzung und Nutzung der Website nicht einschr\u00e4nkt oder behindert. Zu den verbotenen Verhaltensweisen geh\u00f6ren das Bel\u00e4stigen oder Verursachen von Unannehmlichkeiten oder Bedr\u00e4ngen einer Person, das \u00dcbermitteln obsz\u00f6ner oder beleidigender Inhalte oder das Unterbrechen des normalen Dialogflusses innerhalb von kindredfolk.org.<\/span><\/p>\n<p><span style=\"font-size: 18pt;\"><b>BEITR\u00c4GE ZU kindredfolk.org<\/b><\/span><\/p>\n<p><span style=\"font-weight: 400;\">Das Urheberrecht an allen Beitr\u00e4gen, die Sie auf culturewarrington.org leisten, verbleibt bei Ihnen und diese Genehmigung ist nicht exklusiv, d. h. Sie k\u00f6nnen das Material weiterhin auf beliebige Weise verwenden, auch anderen die Verwendung gestatten.<\/span><\/p>\n<p><span style=\"font-weight: 400;\">Sie best\u00e4tigen, dass alle Beitr\u00e4ge Ihr eigenes Originalwerk sind, nicht diffamierend sind und keine britischen Gesetze verletzen, dass Sie das Recht haben, das beigesteuerte Material zu verwenden, und dass Sie \u00fcber die Zustimmung aller in Ihrem Beitrag identifizierbaren Personen bzw., wenn diese unter 16 Jahre alt sind, \u00fcber die Zustimmung ihrer Eltern\/Erziehungsberechtigten verf\u00fcgen.<\/span><\/p>\n<p><span style=\"font-weight: 400;\">Alle Beitr\u00e4ge auf kindredfolk.org werden vor der Ver\u00f6ffentlichung von unseren Mitarbeitern \u00fcberpr\u00fcft. Beitr\u00e4ge k\u00f6nnen vor ihrer Ver\u00f6ffentlichung bearbeitet, ge\u00e4ndert oder gek\u00fcrzt werden. Wir \u00fcbernehmen keine Garantie daf\u00fcr, dass Ihre Beitr\u00e4ge auf der Website ver\u00f6ffentlicht werden. Indem Sie Beitr\u00e4ge auf kindredfolk.org verfassen, erkl\u00e4ren Sie sich mit den unten aufgef\u00fchrten Hausregeln einverstanden.<\/span><\/p>\n<p><span style=\"font-size: 18pt;\"><b>kindredfolk.org HAUSREGELN<\/b><\/span><\/p>\n<p><span style=\"font-weight: 400;\">Um an kindredfolk.org teilzunehmen und Beitr\u00e4ge zu leisten, m\u00fcssen Sie sich m\u00f6glicherweise auf der Website registrieren. Alle personenbezogenen Daten, die Sie uns im Rahmen dieses Registrierungsvorgangs und\/oder einer anderen Interaktion mit kindredfolk.org \u00fcbermitteln, werden gem\u00e4\u00df unserer Datenschutzrichtlinie erfasst, gespeichert und verwendet.<\/span><\/p>\n<p><span style=\"font-weight: 400;\">Sie verpflichten sich, kindredfolk.org gem\u00e4\u00df den folgenden Hausregeln zu nutzen. Diese gelten f\u00fcr alle Websites und Dienste von allculturewarrington.org.<\/span><\/p>\n<p><b>(i) \u00dcber Ihre Beitr\u00e4ge:<\/b><\/p>\n<p><span style=\"font-weight: 400;\">Beitr\u00e4ge m\u00fcssen h\u00f6flich und geschmackvoll sein.<\/span><\/p>\n<p><span style=\"font-weight: 400;\">Kein st\u00f6rendes, beleidigendes oder missbr\u00e4uchliches Verhalten: Beitr\u00e4ge m\u00fcssen konstruktiv und h\u00f6flich sein und d\u00fcrfen nicht b\u00f6sartig oder mit der Absicht erfolgen, \u00c4rger zu verursachen.<\/span><\/p>\n<p><span style=\"font-weight: 400;\">Keine rechtswidrigen oder anst\u00f6\u00dfigen Inhalte: Rechtswidriges, bel\u00e4stigendes, diffamierendes, beleidigendes, drohendes, sch\u00e4dliches, obsz\u00f6nes, gottesl\u00e4sterliches, sexuell orientiertes, rassistisch beleidigendes oder anderweitig anst\u00f6\u00dfiges Material ist nicht zul\u00e4ssig.<\/span><\/p>\n<p><span style=\"font-weight: 400;\">Kein Spamming oder themenfremdes Material: Wir erlauben nicht die mehrfache Einreichung gleicher oder sehr \u00e4hnlicher Beitr\u00e4ge.<\/span><\/p>\n<p><span style=\"font-weight: 400;\">Keine Werbung oder Verkaufsf\u00f6rderung: Sofern Sie nicht als Community-Partner bei uns registriert sind und Einzelheiten zu Ihren Veranstaltungen ver\u00f6ffentlichen, sind Beitr\u00e4ge, die Werbung oder Verkaufsf\u00f6rderung enthalten, nicht gestattet.<\/span><\/p>\n<p><span style=\"font-weight: 400;\">Keine Identit\u00e4tsdiebstahl.<\/span><\/p>\n<p><span style=\"font-weight: 400;\">Keine unangemessenen (z. B. vulg\u00e4ren, beleidigenden usw.) Benutzernamen.<\/span><\/p>\n<p><b>(ii) Sicherheit:<\/b><\/p>\n<p><span style=\"font-weight: 400;\">Wir empfehlen Ihnen, bei der Nutzung von kindredfolk.org angemessene Vorsichtsma\u00dfnahmen zum Schutz Ihrer eigenen Sicherheit zu treffen und niemals pers\u00f6nliche Informationen \u00fcber sich selbst oder andere preiszugeben.<\/span><\/p>\n<p><b>(iii) Gesetzliche Anforderungen:<\/b><\/p>\n<p><span style=\"font-weight: 400;\">Sie d\u00fcrfen auf kindredfolk.org kein diffamierendes oder illegales Material jeglicher Art einreichen oder teilen. Dies gilt auch f\u00fcr Texte, Grafiken, Videos, Programme oder Audio.<\/span><\/p>\n<p><span style=\"font-weight: 400;\">Sie verpflichten sich, an kindredfolk.org nur Beitr\u00e4ge zu senden, die Ihr eigenes Originalwerk sind. Sie d\u00fcrfen die Rechte von Culture Warrington oder anderen Drittparteien, einschlie\u00dflich Urheberrecht, Markenrecht, Gesch\u00e4ftsgeheimnisse, Datenschutz, \u00d6ffentlichkeitsrecht, Pers\u00f6nlichkeits- oder Eigentumsrechte, nicht verletzen, plagiieren oder beeintr\u00e4chtigen.<\/span><\/p>\n<p><b>(iv) Wenn Sie unter 16 Jahre alt sind:<\/b><\/p>\n<p><span style=\"font-weight: 400;\">Bitte holen Sie die Erlaubnis eines Elternteils oder Erziehungsberechtigten ein, bevor Sie einen Beitrag zu kindredfolk.org leisten.<\/span><\/p>\n<p><span style=\"font-weight: 400;\">Geben Sie niemals pers\u00f6nliche Informationen \u00fcber sich selbst oder andere Personen preis (z. B. Schule, Telefonnummer, Ihren vollst\u00e4ndigen Namen, Ihre Privatadresse oder E-Mail-Adresse).<\/span><\/p>\n<p><b>(v) Wenn Sie gegen diese Hausordnung versto\u00dfen:<\/b><\/p>\n<p><span style=\"font-weight: 400;\">Wenn Sie diese Hausregeln bei Ihren Beitr\u00e4gen auf kindredfolk.org nicht einhalten, erhalten Sie eine E-Mail, in der Sie dar\u00fcber informiert werden, warum Ihr Beitrag abgelehnt oder bearbeitet wurde. Diese E-Mail enth\u00e4lt auch eine Warnung, dass bei fortgesetzter Verletzung der Regeln Ma\u00dfnahmen gegen Ihr Konto bzw. Ihre Konten ergriffen werden k\u00f6nnen.<\/span><\/p>\n<p><span style=\"font-weight: 400;\">Diese Ma\u00dfnahme kann eine vor\u00fcbergehende oder dauerhafte Sperrung Ihrer M\u00f6glichkeit zur Teilnahme an kindredfolk.org beinhalten.<\/span><\/p>\n<p><span style=\"font-weight: 400;\">Wenn Sie anst\u00f6\u00dfige oder unangemessene Inhalte an kindredfolk.org und\/oder andere Benutzer \u00fcbermitteln oder mit diesen teilen oder sich auf andere Weise st\u00f6rend auf der Website verhalten und wir ein solches Verhalten als schwerwiegend und\/oder wiederholt erachten, k\u00f6nnen wir alle uns \u00fcber Sie zur Verf\u00fcgung stehenden Informationen verwenden, um weitere derartige Verst\u00f6\u00dfe zu unterbinden.<\/span><\/p>\n<p><span style=\"font-weight: 400;\">Das Kindred Folk Dance Theatre beh\u00e4lt sich das Recht vor, jederzeit und aus beliebigem Grund Beitr\u00e4ge zu l\u00f6schen oder Ma\u00dfnahmen gegen jedes Benutzerkonto zu ergreifen.<\/span><\/p>\n<p><span style=\"font-size: 18pt;\"><b>HAFTUNGSAUSSCHLUSS<\/b><\/span><\/p>\n<p><span style=\"font-weight: 400;\">Kindred Folk Dance Theatre \u00fcbernimmt keine Gew\u00e4hr f\u00fcr die Eignung oder Genauigkeit der auf dieser Website ver\u00f6ffentlichten Informationen oder Bilder (der \u201eInhalt\u201c). Alle diese Inhalte werden \u201ewie besehen\u201c ohne jegliche Gew\u00e4hrleistung bereitgestellt. Kindred Folk Dance Theatre lehnt hiermit alle Gew\u00e4hrleistungen und Bedingungen in Bezug auf diese Inhalte ab, einschlie\u00dflich aller stillschweigenden Gew\u00e4hrleistungen und Bedingungen der Marktg\u00e4ngigkeit, Eignung f\u00fcr einen bestimmten Zweck und Nichtverletzung. In keinem Fall haftet Kindred Folk Dance Theatre f\u00fcr spezielle, indirekte oder Folgesch\u00e4den oder Sch\u00e4den jeglicher Art, die aus Nutzungsausfall, Datenverlust oder entgangenem Gewinn resultieren, sei es aufgrund von Vertragsverletzung, Fahrl\u00e4ssigkeit oder anderen unerlaubten Handlungen, die aus der Nutzung oder Leistung der auf dieser Website verf\u00fcgbaren Inhalte entstehen oder damit in Zusammenhang stehen. Auf dieser Website ver\u00f6ffentlichte Inhalte k\u00f6nnen technische Ungenauigkeiten oder typografische Fehler enthalten. Die hierin enthaltenen Informationen werden regelm\u00e4\u00dfig ge\u00e4ndert.<\/span><\/p>\n<p><span style=\"font-weight: 400;\">Gelegentlich f\u00fchren Links von unserer Website zu externen Websites, die von anderen Organisationen betrieben werden. Diese Links dienen lediglich Ihrer Bequemlichkeit und bedeuten nicht, dass das Kindred Folk Dance Theatre diese Organisationen, den Inhalt ihrer Websites oder ihre Produkte oder Dienstleistungen in irgendeiner Weise bef\u00fcrwortet oder unterst\u00fctzt. Dar\u00fcber hinaus \u00fcbernimmt das Kindred Folk Dance Theatre keine Verantwortung f\u00fcr den Inhalt dieser Website.<\/span><\/p>\n<p><span style=\"font-weight: 400;\">Sollten Sie auf unserer Website Inhalte entdecken, die Ihrer Meinung nach ungenau oder unangemessen sind, benachrichtigen Sie uns bitte.<\/span><\/p>\n<\/div><\/div><\/div><\/div><\/section>","protected":false},"excerpt":{"rendered":"TERMS AND CONDITIONS\u00a0 &nbsp; Last updated October 29, 2021 &nbsp; Access to and use of \u2018kindredfolk.org\u2019 both within the UK and internationally is provided by Kindred Folk Dance Theatre on [...]","protected":false},"author":1,"featured_media":0,"parent":0,"menu_order":0,"comment_status":"closed","ping_status":"closed","template":"","meta":{"footnotes":""},"class_list":["post-351","page","type-page","status-publish","hentry"],"_links":{"self":[{"href":"https:\/\/kindredfolk.org\/de\/wp-json\/wp\/v2\/pages\/351","targetHints":{"allow":["GET"]}}],"collection":[{"href":"https:\/\/kindredfolk.org\/de\/wp-json\/wp\/v2\/pages"}],"about":[{"href":"https:\/\/kindredfolk.org\/de\/wp-json\/wp\/v2\/types\/page"}],"author":[{"embeddable":true,"href":"https:\/\/kindredfolk.org\/de\/wp-json\/wp\/v2\/users\/1"}],"replies":[{"embeddable":true,"href":"https:\/\/kindredfolk.org\/de\/wp-json\/wp\/v2\/comments?post=351"}],"version-history":[{"count":5,"href":"https:\/\/kindredfolk.org\/de\/wp-json\/wp\/v2\/pages\/351\/revisions"}],"predecessor-version":[{"id":461,"href":"https:\/\/kindredfolk.org\/de\/wp-json\/wp\/v2\/pages\/351\/revisions\/461"}],"wp:attachment":[{"href":"https:\/\/kindredfolk.org\/de\/wp-json\/wp\/v2\/media?parent=351"}],"curies":[{"name":"wp","href":"https:\/\/api.w.org\/{rel}","templated":true}]}}