{"id":21,"date":"2021-10-03T10:43:02","date_gmt":"2021-10-03T10:43:02","guid":{"rendered":"https:\/\/kindredfolk.org\/?page_id=21"},"modified":"2021-10-31T23:57:31","modified_gmt":"2021-10-31T23:57:31","slug":"artist-coaching","status":"publish","type":"page","link":"https:\/\/kindredfolk.org\/de\/get-involved\/professional-development\/artist-coaching","title":{"rendered":"K\u00fcnstlercoaching"},"content":{"rendered":"<section class=\"w-section w-full no-padding\">\r\n<div class=\"row w-equal-height w-align-middle w-row-flex\"><div class=\"col col-2 l-padding\">\r\n    <div class=\"col-inner\"><div class=\"w-space\" style=\"height:30px\"><\/div><\/div><\/div><div class=\"col col-8\">\r\n    <div class=\"col-inner\"><div class=\"w-custom-heading vc_custom_1586265113672\">\n    <h4 style=\"font-size: 58px;line-height: 70px;text-align: left\">    1 zu 1 Coaching    <\/h4><\/div><div class=\"w-custom-heading vc_custom_1586264112327\">\n    <h4 style=\"font-size: 48px;line-height: 70px;text-align: right\">    Mit Emily O&#039;Shea    <\/h4><\/div><div class=\"w-space\" style=\"height:30px\"><\/div><div class=\"w-text-block\">\n    <p>Die Unterst\u00fctzung von K\u00fcnstlern ist ein \u00e4u\u00dferst wichtiger Teil unserer Philosophie. Wir vermitteln K\u00fcnstlern die F\u00e4higkeiten, die sie brauchen, um innerhalb und au\u00dferhalb des Studios erfolgreich zu sein.<\/p>\n<p style=\"font-style: normal; font-variant-caps: normal; font-weight: normal; letter-spacing: normal; orphans: auto; text-align: start; text-indent: 0px; text-transform: none; white-space: normal; widows: auto; word-spacing: 0px; -webkit-text-size-adjust: auto; -webkit-text-stroke-width: 0px; text-decoration: none; caret-color: #000000; color: #000000;\">Emily bietet kreative Menschen individuelles Einzelcoaching an. Sie k\u00f6nnten T\u00e4nzer sein, aber auch Schriftsteller, Schauspieler, Dichter, bildender K\u00fcnstler oder einfach jemand, der gerne kreativ wird.<\/p>\n<p style=\"font-style: normal; font-variant-caps: normal; font-weight: normal; letter-spacing: normal; orphans: auto; text-align: start; text-indent: 0px; text-transform: none; white-space: normal; widows: auto; word-spacing: 0px; -webkit-text-size-adjust: auto; -webkit-text-stroke-width: 0px; text-decoration: none; caret-color: #000000; color: #000000;\">Durch Einzelcoachings erhalten Sie einen klaren Einblick in das, was Sie wirklich wollen. Gemeinsam mit Emily erstellen Sie einen Plan, der Sie richtig in Schwung bringt und Sie f\u00fcr Ihre Zukunft begeistert. Das Coaching hilft Ihnen dabei, erreichbare Ziele zu setzen, die Sie in Ihr bestehendes Leben integrieren k\u00f6nnen, um einen reibungslosen \u00dcbergang zu gew\u00e4hrleisten.<\/p>\n<p style=\"font-style: normal; font-variant-caps: normal; font-weight: normal; letter-spacing: normal; orphans: auto; text-align: start; text-indent: 0px; text-transform: none; white-space: normal; widows: auto; word-spacing: 0px; -webkit-text-size-adjust: auto; -webkit-text-stroke-width: 0px; text-decoration: none; caret-color: #000000; color: #000000;\">Als K\u00fcnstlerin bringt Emily ihre Kreativit\u00e4t gerne in die Sitzungen ein. Dies wird Ihnen wiederum dabei helfen, auf unterhaltsame und aufregende Weise ein Leben zu schaffen, das Sie lieben.<\/p>\n<\/div><div class=\"w-space\" style=\"height:20px\"><\/div><\/div><\/div><div class=\"col col-2\">\r\n    <div class=\"col-inner\"><div class=\"w-space\" style=\"height:30px\"><\/div><\/div><\/div><\/div><\/section><section class=\"w-section\" style=\"z-index:50\">\r\n<div class=\"row\"><div class=\"col col-2\">\r\n    <div class=\"col-inner\"><div class=\"w-space\" style=\"height:30px\"><\/div><\/div><\/div><div class=\"col col-8\" style=\"background-color:#ffffff\">\r\n    <div class=\"col-inner\"><div class=\"w-space\" style=\"height:20px\"><\/div><div class=\"w-custom-heading vc_custom_1586268479530\">\n    <h5 style=\"font-size: 40px;line-height: 70px;text-align: center;text-transform:none\">    Dinge, \u00fcber die wir wirklich gerne reden    <\/h5><\/div><div class=\"w-space\" style=\"height:30px\"><\/div><div class=\"row\">\r\n    <div class=\"col col-6\">\r\n    <div class=\"col-inner\"><div class=\"w-info-box w-small w-left w-none\">\r\n        <span class=\"w-icon\">\r\n        <i class=\"fa fa-bookmark\"><\/i>\r\n        <span class=\"w-border\"><\/span>\r\n    <\/span>\r\n        <div class=\"w-content\">\r\n                <h4>Organisation<\/h4>\r\n                            <\/div>\r\n<\/div><div class=\"w-info-box w-small w-left w-none\">\r\n        <span class=\"w-icon\">\r\n        <i class=\"fa fa-star-o\"><\/i>\r\n        <span class=\"w-border\"><\/span>\r\n    <\/span>\r\n        <div class=\"w-content\">\r\n                <h4>Vertrauen<\/h4>\r\n                            <\/div>\r\n<\/div><div class=\"w-info-box w-small w-left w-none\">\r\n        <span class=\"w-icon\">\r\n        <i class=\"fa fa-calendar-o\"><\/i>\r\n        <span class=\"w-border\"><\/span>\r\n    <\/span>\r\n        <div class=\"w-content\">\r\n                <h4>Zeitmanagement<\/h4>\r\n                            <\/div>\r\n<\/div><\/div><\/div><div class=\"col col-6\">\r\n    <div class=\"col-inner\"><div class=\"w-info-box w-small w-right w-none\">\r\n        <span class=\"w-icon\">\r\n        <i class=\"fa fa-balance-scale\"><\/i>\r\n        <span class=\"w-border\"><\/span>\r\n    <\/span>\r\n        <div class=\"w-content\">\r\n                <h4>Ein ausgeglichenes Leben schaffen<\/h4>\r\n                            <\/div>\r\n<\/div><div class=\"w-info-box w-small w-right w-none\">\r\n        <span class=\"w-icon\">\r\n        <i class=\"fa fa-arrow-circle-o-up\"><\/i>\r\n        <span class=\"w-border\"><\/span>\r\n    <\/span>\r\n        <div class=\"w-content\">\r\n                <h4>Beruflicher Werdegang<\/h4>\r\n                            <\/div>\r\n<\/div><div class=\"w-info-box w-small w-right w-none\">\r\n        <span class=\"w-icon\">\r\n        <i class=\"fa fa-lightbulb-o\"><\/i>\r\n        <span class=\"w-border\"><\/span>\r\n    <\/span>\r\n        <div class=\"w-content\">\r\n                <h4>Alles Kreative<\/h4>\r\n                            <\/div>\r\n<\/div><\/div><\/div><\/div><div class=\"w-space\" style=\"height:10px\"><\/div><\/div><\/div><div class=\"col col-2\">\r\n    <div class=\"col-inner\"><div class=\"w-space\" style=\"height:30px\"><\/div><\/div><\/div><\/div><\/section><section class=\"w-section w-full m-padding\" style=\"background-color:#dc9750\">\r\n<div class=\"row\"><div class=\"col col-12\">\r\n    <div class=\"col-inner\"><div class=\"w-custom-heading vc_custom_1586268810426\">\n    <h5 style=\"font-size: 40px;line-height: 70px;text-align: center;text-transform:none\">    Wie kann Coaching helfen?    <\/h5><\/div><\/div><\/div><\/div><\/section><section class=\"w-section\">\r\n<div class=\"row\"><div class=\"col col-6\">\r\n    <div class=\"col-inner\"><div class=\"w-space\" style=\"height:30px\"><\/div><div class=\"w-info-box w-small w-top w-none\">\r\n        <div class=\"w-content\">\r\n                <h4>Klarheit gewinnen<\/h4>\r\n                <p>Klarheit ist der Schl\u00fcssel. Wenn wir erst einmal wissen, wo wir hinwollen, ist es viel einfacher, einen Weg dorthin zu finden!<\/p>\n            <\/div>\r\n<\/div><div class=\"w-separator no-text text-center\" style=\"color:#b1b2b4;width:70%\">\r\n    <span class=\"w-border-left\" style=\"border-top-width:3px;border-color:#b1b2b4\"><\/span>\r\n    <span class=\"w-text\">\r\n                            <\/span>\r\n    <span class=\"w-border-right\" style=\"border-top-width:3px;border-color:#b1b2b4\"><\/span>\r\n<\/div><div class=\"w-info-box w-small w-top w-none\">\r\n        <div class=\"w-content\">\r\n                <h4>Erkennen Sie Ihre Gaben<\/h4>\r\n                <p>Dies ist bei Ver\u00e4nderungen \u00e4u\u00dferst wichtig. Finden und nutzen Sie Ihre Gaben, um voranzukommen.<\/p>\n            <\/div>\r\n<\/div><div class=\"w-separator no-text text-center\" style=\"color:#b1b2b4;width:70%\">\r\n    <span class=\"w-border-left\" style=\"border-top-width:3px;border-color:#b1b2b4\"><\/span>\r\n    <span class=\"w-text\">\r\n                            <\/span>\r\n    <span class=\"w-border-right\" style=\"border-top-width:3px;border-color:#b1b2b4\"><\/span>\r\n<\/div><div class=\"w-info-box w-small w-top w-none\">\r\n        <div class=\"w-content\">\r\n                <h4>Ganzheitlicher Ansatz<\/h4>\r\n                <p>Sie sind eine ganzheitliche und komplexe Person mit vielen verschiedenen Aspekten in Ihrem Leben. Jedes Gespr\u00e4ch, jede Aufgabe und jeder Schritt, den Sie machen, wird sich auf Sie als ganzheitliche Person konzentrieren und alle Aspekte Ihres Lebens ber\u00fccksichtigen.<\/p>\n            <\/div>\r\n<\/div><div class=\"w-separator no-text text-center\" style=\"color:#b1b2b4;width:70%\">\r\n    <span class=\"w-border-left\" style=\"border-top-width:3px;border-color:#b1b2b4\"><\/span>\r\n    <span class=\"w-text\">\r\n                            <\/span>\r\n    <span class=\"w-border-right\" style=\"border-top-width:3px;border-color:#b1b2b4\"><\/span>\r\n<\/div><\/div><\/div><div class=\"col col-6\">\r\n    <div class=\"col-inner\"><div class=\"w-space\" style=\"height:30px\"><\/div><div class=\"w-info-box w-small w-top w-none\">\r\n        <div class=\"w-content\">\r\n                <h4>Kreatives Denken<\/h4>\r\n                <p>Durch kreative Gespr\u00e4che finden wir Wege, die Sie nie f\u00fcr m\u00f6glich gehalten h\u00e4tten. Entdecken Sie Ihre eigene, einzigartige und kreative Stimme.<\/p>\n            <\/div>\r\n<\/div><div class=\"w-separator no-text text-center\" style=\"color:#b1b2b4;width:70%\">\r\n    <span class=\"w-border-left\" style=\"border-top-width:3px;border-color:#b1b2b4\"><\/span>\r\n    <span class=\"w-text\">\r\n                            <\/span>\r\n    <span class=\"w-border-right\" style=\"border-top-width:3px;border-color:#b1b2b4\"><\/span>\r\n<\/div><div class=\"w-info-box w-small w-top w-none\">\r\n        <div class=\"w-content\">\r\n                <h4>Bringen Sie Ruhe und Struktur<\/h4>\r\n                <p>Indem wir Ihr Hauptziel identifizieren, k\u00f6nnen wir die \u00dcberforderung beseitigen. Wir schaffen kleine Schritte, mit denen Sie schnell und ruhig an Ihr Ziel gelangen.<\/p>\n            <\/div>\r\n<\/div><div class=\"w-separator no-text text-center\" style=\"color:#b1b2b4;width:70%\">\r\n    <span class=\"w-border-left\" style=\"border-top-width:3px;border-color:#b1b2b4\"><\/span>\r\n    <span class=\"w-text\">\r\n                            <\/span>\r\n    <span class=\"w-border-right\" style=\"border-top-width:3px;border-color:#b1b2b4\"><\/span>\r\n<\/div><div class=\"w-info-box w-small w-top w-none\">\r\n        <div class=\"w-content\">\r\n                <h4>Ihr pers\u00f6nlicher Cheerleader<\/h4>\r\n                <p>Ja, das stimmt! Und du kannst mich nicht aufhalten! Wir werden jedes kleine Set, das du machst, gemeinsam feiern!<\/p>\n            <\/div>\r\n<\/div><div class=\"w-separator no-text text-center\" style=\"color:#b1b2b4;width:70%\">\r\n    <span class=\"w-border-left\" style=\"border-top-width:3px;border-color:#b1b2b4\"><\/span>\r\n    <span class=\"w-text\">\r\n                            <\/span>\r\n    <span class=\"w-border-right\" style=\"border-top-width:3px;border-color:#b1b2b4\"><\/span>\r\n<\/div><\/div><\/div><\/div><\/section><section class=\"w-section w-full m-padding\" style=\"background-color:#72a3b3\">\r\n<div class=\"row\"><div class=\"col col-12\">\r\n    <div class=\"col-inner\"><div class=\"w-space\" style=\"height:10px\"><\/div><div class=\"w-custom-heading vc_custom_1586268828357\">\n    <h5 style=\"font-size: 40px;line-height: 70px;text-align: center;text-transform:none\">    Wie wird es funktionieren?    <\/h5><\/div><div class=\"w-space\" style=\"height:10px\"><\/div><\/div><\/div><\/div><\/section><section class=\"w-section\">\r\n<div class=\"row\"><div class=\"col col-6\">\r\n    <div class=\"col-inner\"><div class=\"w-text-block\">\n    <p>Der Prozess beginnt mit einer ersten Einf\u00fchrungssitzung. Dies gibt Ihnen die M\u00f6glichkeit, Emily kennenzulernen und sie kann Sie kennenlernen. Sie erfahren, was Sie vom Coaching erwarten und welche spezifischen Themen Sie vielleicht erkunden m\u00f6chten.<\/p>\n<p style=\"font-style: normal; font-variant-caps: normal; font-weight: normal; letter-spacing: normal; orphans: auto; text-align: start; text-indent: 0px; text-transform: none; white-space: normal; widows: auto; word-spacing: 0px; -webkit-text-size-adjust: auto; -webkit-text-stroke-width: 0px; text-decoration: none; caret-color: #000000; color: #000000;\">Wenn Sie mit dem Programm fortfahren m\u00f6chten, entscheiden wir, ob ein Block mit 4 oder 8 Sitzungen f\u00fcr Sie am besten geeignet ist. Im Allgemeinen k\u00f6nnen wir keine Einzelsitzungen anbieten, da wir nicht glauben, dass Sie davon viel Nutzen haben werden, und wir m\u00f6chten, dass Sie langfristig denken.<\/p>\n<\/div><\/div><\/div><div class=\"col col-6\">\r\n    <div class=\"col-inner\"><div class=\"w-text-block\">\n    <ul style=\"font-style: normal; font-variant-caps: normal; font-weight: normal; letter-spacing: normal; orphans: auto; text-align: start; text-indent: 0px; text-transform: none; white-space: normal; widows: auto; word-spacing: 0px; -webkit-text-size-adjust: auto; -webkit-text-stroke-width: 0px; text-decoration: none; caret-color: #000000; color: #000000;\">\n<li>Einzelsitzung<\/li>\n<li>4 Sitzungsblock<\/li>\n<li>8 Sitzungsblock<\/li>\n<\/ul>\n<p style=\"font-style: normal; font-variant-caps: normal; font-weight: normal; letter-spacing: normal; orphans: auto; text-align: start; text-indent: 0px; text-transform: none; white-space: normal; widows: auto; word-spacing: 0px; -webkit-text-size-adjust: auto; -webkit-text-stroke-width: 0px; text-decoration: none; caret-color: #000000; color: #000000;\">Jede Sitzung dauert 50 Minuten und wird entweder pers\u00f6nlich oder \u00fcber Zoom durchgef\u00fchrt.<\/p>\n<\/div><\/div><\/div><\/div><\/section><section class=\"w-section w-full\">\r\n<div class=\"row\"><div class=\"col col-8 no-padding\" style=\"background-color:#e6dfd1\">\r\n    <div class=\"col-inner\"><div class=\"w-space\" style=\"height:60px\"><\/div><div class=\"w-custom-heading\">\n    <h2 style=\"color: #000000;text-align: center;font-family:Playfair Display;font-weight:700;font-style:normal\">    Interesse an Coaching?    <\/h2><\/div><div class=\"w-separator no-text text-center\" style=\"color:#ffffff;width:10%\">\r\n    <span class=\"w-border-left\" style=\"border-top-width:1px;border-color:#ffffff\"><\/span>\r\n    <span class=\"w-text\">\r\n                            <\/span>\r\n    <span class=\"w-border-right\" style=\"border-top-width:1px;border-color:#ffffff\"><\/span>\r\n<\/div><div class=\"w-text-block\">\n    <p style=\"font-style: normal; font-variant-caps: normal; font-weight: normal; letter-spacing: normal; orphans: auto; text-indent: 0px; text-transform: none; white-space: normal; widows: auto; word-spacing: 0px; -webkit-text-size-adjust: auto; -webkit-text-stroke-width: 0px; text-decoration: none; caret-color: #000000; color: #000000; text-align: center;\">Coaching ist eine sehr pers\u00f6nliche Erfahrung und ich m\u00f6chte sicherstellen, dass es f\u00fcr Sie richtig ist<\/p>\n<p style=\"font-style: normal; font-variant-caps: normal; font-weight: normal; letter-spacing: normal; orphans: auto; text-indent: 0px; text-transform: none; white-space: normal; widows: auto; word-spacing: 0px; -webkit-text-size-adjust: auto; -webkit-text-stroke-width: 0px; text-decoration: none; caret-color: #000000; color: #000000; text-align: center;\">und f\u00fcr Dich, um herauszufinden, ob ich auch f\u00fcr Dich der richtige Coach bin!<\/p>\n<p style=\"font-style: normal; font-variant-caps: normal; font-weight: normal; letter-spacing: normal; orphans: auto; text-indent: 0px; text-transform: none; white-space: normal; widows: auto; word-spacing: 0px; -webkit-text-size-adjust: auto; -webkit-text-stroke-width: 0px; text-decoration: none; caret-color: #000000; color: #000000; text-align: center;\">Ich biete eine kostenlose, unverbindliche 30-min\u00fctige Einf\u00fchrung in die Coaching-Sitzung \u00fcber Zoom an.<\/p>\n<p style=\"font-style: normal; font-variant-caps: normal; font-weight: normal; letter-spacing: normal; orphans: auto; text-indent: 0px; text-transform: none; white-space: normal; widows: auto; word-spacing: 0px; -webkit-text-size-adjust: auto; -webkit-text-stroke-width: 0px; text-decoration: none; caret-color: #000000; color: #000000; text-align: center;\">Ich freue mich darauf, von Ihnen zu h\u00f6ren,<\/p>\n<p style=\"font-style: normal; font-variant-caps: normal; font-weight: normal; letter-spacing: normal; orphans: auto; text-indent: 0px; text-transform: none; white-space: normal; widows: auto; word-spacing: 0px; -webkit-text-size-adjust: auto; -webkit-text-stroke-width: 0px; text-decoration: none; caret-color: #000000; color: #000000; text-align: center;\">Emily<\/p>\n<p style=\"font-style: normal; font-variant-caps: normal; font-weight: normal; letter-spacing: normal; orphans: auto; text-align: start; text-indent: 0px; text-transform: none; white-space: normal; widows: auto; word-spacing: 0px; -webkit-text-size-adjust: auto; -webkit-text-stroke-width: 0px; text-decoration: none; caret-color: #000000; color: #000000;\">\n<\/div><div class=\"w-space\" style=\"height:50px\"><\/div><a class=\"w-link-button large w-with-icon vc_custom_1635724649582\" href=\"mailto:emily@kindredfolk.org\">   \r\n    <span class=\"w-border\"><\/span>\r\n        <span class=\"w-button-icon\"><i class=\"fa fa-envelope-o\"><\/i><\/span>\r\n            <span class=\"w-button-text\">\r\n        F\u00fcr Preise, Fragen und weitere Informationen kontaktieren Sie uns    <\/span>\r\n    <\/a><\/div><\/div><div class=\"col col-4 no-padding\">\r\n    <div class=\"col-inner\"><div class=\"w-image text-left\">\n            <img loading=\"lazy\" decoding=\"async\" width=\"640\" height=\"640\" src=\"https:\/\/kindredfolk.org\/wp-content\/uploads\/2021\/10\/emily5-640x640.jpg\" class=\"attachment-overlap-large size-overlap-large\" alt=\"\" srcset=\"https:\/\/kindredfolk.org\/wp-content\/uploads\/2021\/10\/emily5-640x640.jpg 640w, https:\/\/kindredfolk.org\/wp-content\/uploads\/2021\/10\/emily5-150x150.jpg 150w, https:\/\/kindredfolk.org\/wp-content\/uploads\/2021\/10\/emily5-340x340.jpg 340w, https:\/\/kindredfolk.org\/wp-content\/uploads\/2021\/10\/emily5-960x960.jpg 960w\" sizes=\"auto, (max-width: 640px) 100vw, 640px\" \/>    <\/div>\n<\/div><\/div><\/div><\/section>","protected":false},"excerpt":{"rendered":"1 to 1 Coaching With Emily O'Shea Supporting artists is an extremely important part of our philosophy. Giving artists the skills to succeed inside and out of the studio. Emily [...]","protected":false},"author":1,"featured_media":0,"parent":19,"menu_order":0,"comment_status":"closed","ping_status":"closed","template":"","meta":{"footnotes":""},"class_list":["post-21","page","type-page","status-publish","hentry"],"_links":{"self":[{"href":"https:\/\/kindredfolk.org\/de\/wp-json\/wp\/v2\/pages\/21","targetHints":{"allow":["GET"]}}],"collection":[{"href":"https:\/\/kindredfolk.org\/de\/wp-json\/wp\/v2\/pages"}],"about":[{"href":"https:\/\/kindredfolk.org\/de\/wp-json\/wp\/v2\/types\/page"}],"author":[{"embeddable":true,"href":"https:\/\/kindredfolk.org\/de\/wp-json\/wp\/v2\/users\/1"}],"replies":[{"embeddable":true,"href":"https:\/\/kindredfolk.org\/de\/wp-json\/wp\/v2\/comments?post=21"}],"version-history":[{"count":11,"href":"https:\/\/kindredfolk.org\/de\/wp-json\/wp\/v2\/pages\/21\/revisions"}],"predecessor-version":[{"id":455,"href":"https:\/\/kindredfolk.org\/de\/wp-json\/wp\/v2\/pages\/21\/revisions\/455"}],"up":[{"embeddable":true,"href":"https:\/\/kindredfolk.org\/de\/wp-json\/wp\/v2\/pages\/19"}],"wp:attachment":[{"href":"https:\/\/kindredfolk.org\/de\/wp-json\/wp\/v2\/media?parent=21"}],"curies":[{"name":"wp","href":"https:\/\/api.w.org\/{rel}","templated":true}]}}