{"id":42,"date":"2021-10-07T17:57:15","date_gmt":"2021-10-07T17:57:15","guid":{"rendered":"https:\/\/kindredfolk.org\/?page_id=42"},"modified":"2024-09-20T11:20:52","modified_gmt":"2024-09-20T11:20:52","slug":"rough-tumble","status":"publish","type":"page","link":"http:\/\/kindredfolk.org\/de\/productions\/rough-tumble","title":{"rendered":"Rauh und wild"},"content":{"rendered":"<section class=\"w-section\">\r\n<div class=\"row xs-column-reverse sm-column-reverse\"><div class=\"col col-6\">\r\n    <div class=\"col-inner\"><div class=\"w-text-block\">\n    <h3 style=\"font-style: normal; font-variant-caps: normal; letter-spacing: normal; orphans: auto; text-align: start; text-indent: 0px; text-transform: none; white-space: normal; widows: auto; word-spacing: 0px; -webkit-text-size-adjust: auto; -webkit-text-stroke-width: 0px; text-decoration: none; caret-color: #000000; color: #000000;\"><span class=\"JsGRdQ\">Rough &amp; Tumble ist eine Tanzvorstellung f\u00fcr die ganze Familie, bei der es ums SPIELEN geht!<\/span><\/h3>\n<\/div><div class=\"w-space\" style=\"height:30px\"><\/div><div class=\"w-text-block\">\n    <p>Rough &amp; Tumble l\u00e4dt Ihre Familie zum Mitmachen und SPIELEN ein!<\/p>\n<p>Eine Reihe fr\u00f6hlicher, energiegeladener und interaktiver Pop-up-Duette, die Ihre Kindheitsspiele vor Ihren Augen zum Leben erwecken.<\/p>\n<p>Mit einer Kunstinstallation und einer Schatzsuche wird das St\u00fcck zwischen dem Tanz weiterleben.<\/p>\n<\/div><\/div><\/div><div class=\"col col-6\">\r\n    <div class=\"col-inner\"><div class=\"w-image text-left\">\n            <img loading=\"lazy\" decoding=\"async\" width=\"1920\" height=\"1080\" src=\"https:\/\/kindredfolk.org\/wp-content\/uploads\/2021\/10\/2-1.png\" class=\"attachment-full size-full\" alt=\"\" srcset=\"https:\/\/kindredfolk.org\/wp-content\/uploads\/2021\/10\/2-1.png 1920w, https:\/\/kindredfolk.org\/wp-content\/uploads\/2021\/10\/2-1-300x169.png 300w, https:\/\/kindredfolk.org\/wp-content\/uploads\/2021\/10\/2-1-1024x576.png 1024w, https:\/\/kindredfolk.org\/wp-content\/uploads\/2021\/10\/2-1-768x432.png 768w, https:\/\/kindredfolk.org\/wp-content\/uploads\/2021\/10\/2-1-1536x864.png 1536w, https:\/\/kindredfolk.org\/wp-content\/uploads\/2021\/10\/2-1-960x540.png 960w, https:\/\/kindredfolk.org\/wp-content\/uploads\/2021\/10\/2-1-640x360.png 640w, https:\/\/kindredfolk.org\/wp-content\/uploads\/2021\/10\/2-1-1280x720.png 1280w\" sizes=\"auto, (max-width: 1920px) 100vw, 1920px\" \/>    <\/div>\n<\/div><\/div><\/div><\/section><section class=\"w-section w-parallax\">\r\n<div class=\"section-background\"><div class=\"bg-wrapper bg-image\" style=\"background-image:url(https:\/\/kindredfolk.org\/wp-content\/uploads\/2021\/10\/5146d054-dbd5-4034-ac59-d62f51ae8dd9.jpg);background-position:center center\"><\/div><\/div><div class=\"row\"><div class=\"col col-12\">\r\n    <div class=\"col-inner\"><div class=\"w-space\" style=\"height:50px\"><\/div><\/div><\/div><\/div><\/section><section class=\"w-section\">\r\n<div class=\"row\"><div class=\"col col-12\">\r\n    <div class=\"col-inner\"><div class=\"w-heading heading-1 text-center\">\r\n         \r\n    <span class=\"subheading\">Unsere wunderbare<\/span>         \r\n    <h2 class=\"heading-title\">Engagement in der Gemeinschaft<\/h2>            <\/div><div class=\"w-space\" style=\"height:30px\"><\/div><div class=\"row\">\r\n    <div class=\"col col-6\">\r\n    <div class=\"col-inner\"><div class=\"w-image text-left\">\n            <img loading=\"lazy\" decoding=\"async\" width=\"2048\" height=\"1536\" src=\"https:\/\/kindredfolk.org\/wp-content\/uploads\/2021\/10\/IMG_9058.jpeg\" class=\"attachment-full size-full\" alt=\"\" srcset=\"https:\/\/kindredfolk.org\/wp-content\/uploads\/2021\/10\/IMG_9058.jpeg 2048w, https:\/\/kindredfolk.org\/wp-content\/uploads\/2021\/10\/IMG_9058-300x225.jpeg 300w, https:\/\/kindredfolk.org\/wp-content\/uploads\/2021\/10\/IMG_9058-1024x768.jpeg 1024w, https:\/\/kindredfolk.org\/wp-content\/uploads\/2021\/10\/IMG_9058-768x576.jpeg 768w, https:\/\/kindredfolk.org\/wp-content\/uploads\/2021\/10\/IMG_9058-1536x1152.jpeg 1536w, https:\/\/kindredfolk.org\/wp-content\/uploads\/2021\/10\/IMG_9058-640x480.jpeg 640w, https:\/\/kindredfolk.org\/wp-content\/uploads\/2021\/10\/IMG_9058-1280x960.jpeg 1280w\" sizes=\"auto, (max-width: 2048px) 100vw, 2048px\" \/>    <\/div>\n<\/div><\/div><div class=\"col col-6\">\r\n    <div class=\"col-inner\"><div class=\"w-text-block\">\n    <p>Alle unsere Shows beziehen die Community in jeder Phase mit ein und \u201eRough &amp; Tumble\u201c ist keine Ausnahme.<\/p>\n<p>Im Jahr 2021 f\u00fchrten wir in Zusammenarbeit mit den Bibliotheken Ashton, Beswick, Frodsham, Laches und Oldham einige Recherchen durch. Wir besuchten \u00f6rtliche Schulen und Jugendgruppen, w\u00e4hrend \u00e4ltere Erwachsene, M\u00fctter und Kleinkinder zu Workshops mit uns in die Bibliothek kamen. Wir verbrachten auch Zeit in jeder Bibliothek und sprachen mit Bibliotheksbesuchern \u00fcber Spielplatzspiele f\u00fcr Kinder. All diese Informationen flossen direkt in die Produktion von Rough &amp; Tumble ein.<\/p>\n<p>Es hat uns so viel Spa\u00df gemacht, \u00fcber Spiele zu reden, Spiele zu spielen und zu tanzen!<\/p>\n<p>Mehr kommt im Sommer 2025!<\/p>\n<\/div><div class=\"w-space\" style=\"height:30px\"><\/div><\/div><\/div><\/div><div class=\"row\">\r\n    <div class=\"col col-12\">\r\n    <div class=\"col-inner\"><div class=\"w-space\" style=\"height:30px\"><\/div><\/div><\/div><\/div><div class=\"row\">\r\n    <div class=\"col five-cols\">\r\n    <div class=\"col-inner\"><div class=\"w-image text-left\">\n            <img loading=\"lazy\" decoding=\"async\" width=\"500\" height=\"500\" src=\"https:\/\/kindredfolk.org\/wp-content\/uploads\/2021\/10\/1-3.png\" class=\"attachment-full size-full\" alt=\"\" srcset=\"https:\/\/kindredfolk.org\/wp-content\/uploads\/2021\/10\/1-3.png 500w, https:\/\/kindredfolk.org\/wp-content\/uploads\/2021\/10\/1-3-300x300.png 300w, https:\/\/kindredfolk.org\/wp-content\/uploads\/2021\/10\/1-3-150x150.png 150w, https:\/\/kindredfolk.org\/wp-content\/uploads\/2021\/10\/1-3-340x340.png 340w\" sizes=\"auto, (max-width: 500px) 100vw, 500px\" \/>    <\/div>\n<a class=\"w-button vc_custom_1635011381745\" style=\"border-color:#919f7a;background-color:#919f7a;;color:#253924\" href=\"#\">\r\n    <span>Ashton-Bibliothek<\/span>\r\n<\/a><\/div><\/div><div class=\"col five-cols\">\r\n    <div class=\"col-inner\"><div class=\"w-image text-left\">\n            <img loading=\"lazy\" decoding=\"async\" width=\"500\" height=\"500\" src=\"https:\/\/kindredfolk.org\/wp-content\/uploads\/2021\/10\/2-3.png\" class=\"attachment-full size-full\" alt=\"\" srcset=\"https:\/\/kindredfolk.org\/wp-content\/uploads\/2021\/10\/2-3.png 500w, https:\/\/kindredfolk.org\/wp-content\/uploads\/2021\/10\/2-3-300x300.png 300w, https:\/\/kindredfolk.org\/wp-content\/uploads\/2021\/10\/2-3-150x150.png 150w, https:\/\/kindredfolk.org\/wp-content\/uploads\/2021\/10\/2-3-340x340.png 340w\" sizes=\"auto, (max-width: 500px) 100vw, 500px\" \/>    <\/div>\n<a class=\"w-button vc_custom_1635011386409\" style=\"border-color:#919f7a;background-color:#919f7a;;color:#253924\" href=\"#\">\r\n    <span>Beswick-Bibliothek<\/span>\r\n<\/a><\/div><\/div><div class=\"col five-cols\">\r\n    <div class=\"col-inner\"><div class=\"w-image text-left\">\n            <img loading=\"lazy\" decoding=\"async\" width=\"500\" height=\"500\" src=\"https:\/\/kindredfolk.org\/wp-content\/uploads\/2021\/10\/4-3.png\" class=\"attachment-full size-full\" alt=\"\" srcset=\"https:\/\/kindredfolk.org\/wp-content\/uploads\/2021\/10\/4-3.png 500w, https:\/\/kindredfolk.org\/wp-content\/uploads\/2021\/10\/4-3-300x300.png 300w, https:\/\/kindredfolk.org\/wp-content\/uploads\/2021\/10\/4-3-150x150.png 150w, https:\/\/kindredfolk.org\/wp-content\/uploads\/2021\/10\/4-3-340x340.png 340w\" sizes=\"auto, (max-width: 500px) 100vw, 500px\" \/>    <\/div>\n<a class=\"w-button vc_custom_1635011390878\" style=\"border-color:#919f7a;background-color:#919f7a;;color:#253924\" href=\"#\">\r\n    <span>Frodsham-Bibliothek<\/span>\r\n<\/a><\/div><\/div><div class=\"col five-cols\">\r\n    <div class=\"col-inner\"><div class=\"w-image text-left\">\n            <img loading=\"lazy\" decoding=\"async\" width=\"500\" height=\"500\" src=\"https:\/\/kindredfolk.org\/wp-content\/uploads\/2021\/10\/5-4.png\" class=\"attachment-full size-full\" alt=\"\" srcset=\"https:\/\/kindredfolk.org\/wp-content\/uploads\/2021\/10\/5-4.png 500w, https:\/\/kindredfolk.org\/wp-content\/uploads\/2021\/10\/5-4-300x300.png 300w, https:\/\/kindredfolk.org\/wp-content\/uploads\/2021\/10\/5-4-150x150.png 150w, https:\/\/kindredfolk.org\/wp-content\/uploads\/2021\/10\/5-4-340x340.png 340w\" sizes=\"auto, (max-width: 500px) 100vw, 500px\" \/>    <\/div>\n<a class=\"w-button vc_custom_1635011395324\" style=\"border-color:#919f7a;background-color:#919f7a;;color:#253924\" href=\"#\">\r\n    <span>Lache-Bibliothek<\/span>\r\n<\/a><\/div><\/div><div class=\"col five-cols\">\r\n    <div class=\"col-inner\"><div class=\"w-image text-left\">\n            <img loading=\"lazy\" decoding=\"async\" width=\"500\" height=\"500\" src=\"https:\/\/kindredfolk.org\/wp-content\/uploads\/2021\/10\/3-3.png\" class=\"attachment-full size-full\" alt=\"\" srcset=\"https:\/\/kindredfolk.org\/wp-content\/uploads\/2021\/10\/3-3.png 500w, https:\/\/kindredfolk.org\/wp-content\/uploads\/2021\/10\/3-3-300x300.png 300w, https:\/\/kindredfolk.org\/wp-content\/uploads\/2021\/10\/3-3-150x150.png 150w, https:\/\/kindredfolk.org\/wp-content\/uploads\/2021\/10\/3-3-340x340.png 340w\" sizes=\"auto, (max-width: 500px) 100vw, 500px\" \/>    <\/div>\n<a class=\"w-button vc_custom_1635011400531\" style=\"border-color:#919f7a;background-color:#919f7a;;color:#253924\" href=\"#\">\r\n    <span>Oldham-Bibliothek<\/span>\r\n<\/a><\/div><\/div><\/div><\/div><\/div><\/div><\/section><section class=\"w-section\">\r\n<div class=\"row\"><div class=\"col five-cols\">\r\n    <div class=\"col-inner\"><div class=\"w-image text-left\">\n            <img loading=\"lazy\" decoding=\"async\" width=\"768\" height=\"1024\" src=\"https:\/\/kindredfolk.org\/wp-content\/uploads\/2021\/10\/9e6acdb7-7092-4d07-9ce0-ae5e4e0a7f3b-2.jpg\" class=\"attachment-full size-full\" alt=\"\" srcset=\"https:\/\/kindredfolk.org\/wp-content\/uploads\/2021\/10\/9e6acdb7-7092-4d07-9ce0-ae5e4e0a7f3b-2.jpg 768w, https:\/\/kindredfolk.org\/wp-content\/uploads\/2021\/10\/9e6acdb7-7092-4d07-9ce0-ae5e4e0a7f3b-2-225x300.jpg 225w, https:\/\/kindredfolk.org\/wp-content\/uploads\/2021\/10\/9e6acdb7-7092-4d07-9ce0-ae5e4e0a7f3b-2-600x800.jpg 600w, https:\/\/kindredfolk.org\/wp-content\/uploads\/2021\/10\/9e6acdb7-7092-4d07-9ce0-ae5e4e0a7f3b-2-640x853.jpg 640w\" sizes=\"auto, (max-width: 768px) 100vw, 768px\" \/>    <\/div>\n<\/div><\/div><div class=\"col five-cols\">\r\n    <div class=\"col-inner\"><div class=\"w-image text-left\">\n            <img loading=\"lazy\" decoding=\"async\" width=\"1024\" height=\"768\" src=\"https:\/\/kindredfolk.org\/wp-content\/uploads\/2021\/10\/35e6a254-b70b-4e0e-bc43-ad8a11f29eb6.jpg\" class=\"attachment-full size-full\" alt=\"\" srcset=\"https:\/\/kindredfolk.org\/wp-content\/uploads\/2021\/10\/35e6a254-b70b-4e0e-bc43-ad8a11f29eb6.jpg 1024w, https:\/\/kindredfolk.org\/wp-content\/uploads\/2021\/10\/35e6a254-b70b-4e0e-bc43-ad8a11f29eb6-300x225.jpg 300w, https:\/\/kindredfolk.org\/wp-content\/uploads\/2021\/10\/35e6a254-b70b-4e0e-bc43-ad8a11f29eb6-768x576.jpg 768w, https:\/\/kindredfolk.org\/wp-content\/uploads\/2021\/10\/35e6a254-b70b-4e0e-bc43-ad8a11f29eb6-640x480.jpg 640w\" sizes=\"auto, (max-width: 1024px) 100vw, 1024px\" \/>    <\/div>\n<\/div><\/div><div class=\"col five-cols\">\r\n    <div class=\"col-inner\"><div class=\"w-image text-left\">\n            <img loading=\"lazy\" decoding=\"async\" width=\"768\" height=\"1024\" src=\"https:\/\/kindredfolk.org\/wp-content\/uploads\/2021\/10\/5eccf550-e704-4a5f-9199-b4575167ba65.jpg\" class=\"attachment-full size-full\" alt=\"\" srcset=\"https:\/\/kindredfolk.org\/wp-content\/uploads\/2021\/10\/5eccf550-e704-4a5f-9199-b4575167ba65.jpg 768w, https:\/\/kindredfolk.org\/wp-content\/uploads\/2021\/10\/5eccf550-e704-4a5f-9199-b4575167ba65-225x300.jpg 225w, https:\/\/kindredfolk.org\/wp-content\/uploads\/2021\/10\/5eccf550-e704-4a5f-9199-b4575167ba65-600x800.jpg 600w, https:\/\/kindredfolk.org\/wp-content\/uploads\/2021\/10\/5eccf550-e704-4a5f-9199-b4575167ba65-640x853.jpg 640w\" sizes=\"auto, (max-width: 768px) 100vw, 768px\" \/>    <\/div>\n<\/div><\/div><div class=\"col five-cols\">\r\n    <div class=\"col-inner\"><div class=\"w-image text-left\">\n            <img loading=\"lazy\" decoding=\"async\" width=\"1024\" height=\"768\" src=\"https:\/\/kindredfolk.org\/wp-content\/uploads\/2021\/10\/35e6a254-b70b-4e0e-bc43-ad8a11f29eb6.jpg\" class=\"attachment-full size-full\" alt=\"\" srcset=\"https:\/\/kindredfolk.org\/wp-content\/uploads\/2021\/10\/35e6a254-b70b-4e0e-bc43-ad8a11f29eb6.jpg 1024w, https:\/\/kindredfolk.org\/wp-content\/uploads\/2021\/10\/35e6a254-b70b-4e0e-bc43-ad8a11f29eb6-300x225.jpg 300w, https:\/\/kindredfolk.org\/wp-content\/uploads\/2021\/10\/35e6a254-b70b-4e0e-bc43-ad8a11f29eb6-768x576.jpg 768w, https:\/\/kindredfolk.org\/wp-content\/uploads\/2021\/10\/35e6a254-b70b-4e0e-bc43-ad8a11f29eb6-640x480.jpg 640w\" sizes=\"auto, (max-width: 1024px) 100vw, 1024px\" \/>    <\/div>\n<\/div><\/div><div class=\"col five-cols\">\r\n    <div class=\"col-inner\"><div class=\"w-image text-left\">\n            <img loading=\"lazy\" decoding=\"async\" width=\"768\" height=\"1024\" src=\"https:\/\/kindredfolk.org\/wp-content\/uploads\/2021\/10\/5e549c72-2104-486f-917a-c6d740896739.jpg\" class=\"attachment-full size-full\" alt=\"\" srcset=\"https:\/\/kindredfolk.org\/wp-content\/uploads\/2021\/10\/5e549c72-2104-486f-917a-c6d740896739.jpg 768w, https:\/\/kindredfolk.org\/wp-content\/uploads\/2021\/10\/5e549c72-2104-486f-917a-c6d740896739-225x300.jpg 225w, https:\/\/kindredfolk.org\/wp-content\/uploads\/2021\/10\/5e549c72-2104-486f-917a-c6d740896739-600x800.jpg 600w, https:\/\/kindredfolk.org\/wp-content\/uploads\/2021\/10\/5e549c72-2104-486f-917a-c6d740896739-640x853.jpg 640w\" sizes=\"auto, (max-width: 768px) 100vw, 768px\" \/>    <\/div>\n<\/div><\/div><\/div><\/section><section class=\"w-section\">\r\n<div class=\"row\"><div class=\"col col-12\">\r\n    <div class=\"col-inner\"><div class=\"w-space\" style=\"height:30px\"><\/div><div class=\"w-heading heading-1 text-center\">\r\n         \r\n    <span class=\"subheading\">M\u00f6glich gemacht durch<\/span>         \r\n    <h2 class=\"heading-title\" style=\"color:#4d5822\">Unterst\u00fctzung durch<\/h2>            <\/div><div class=\"w-clients-carousel\">\r\n    <div class=\"owl-carousel\" data-items=\"6\" data-navigation=\"true\" data-pagination=\"false\" data-loop=\"true\" data-auto-play=\"true\" data-speed=\"2\">\r\n            <div>\r\n                    <img loading=\"lazy\" decoding=\"async\" width=\"340\" height=\"340\" src=\"https:\/\/kindredfolk.org\/wp-content\/uploads\/2021\/10\/3-2-340x340.png\" class=\"attachment-overlap-medium size-overlap-medium\" alt=\"\" srcset=\"https:\/\/kindredfolk.org\/wp-content\/uploads\/2021\/10\/3-2-340x340.png 340w, https:\/\/kindredfolk.org\/wp-content\/uploads\/2021\/10\/3-2-300x300.png 300w, https:\/\/kindredfolk.org\/wp-content\/uploads\/2021\/10\/3-2-1024x1024.png 1024w, https:\/\/kindredfolk.org\/wp-content\/uploads\/2021\/10\/3-2-150x150.png 150w, https:\/\/kindredfolk.org\/wp-content\/uploads\/2021\/10\/3-2-768x768.png 768w, https:\/\/kindredfolk.org\/wp-content\/uploads\/2021\/10\/3-2-640x640.png 640w, https:\/\/kindredfolk.org\/wp-content\/uploads\/2021\/10\/3-2-960x960.png 960w, https:\/\/kindredfolk.org\/wp-content\/uploads\/2021\/10\/3-2.png 1080w\" sizes=\"auto, (max-width: 340px) 100vw, 340px\" \/>                <\/div>\r\n            <div>\r\n                    <img loading=\"lazy\" decoding=\"async\" width=\"340\" height=\"340\" src=\"https:\/\/kindredfolk.org\/wp-content\/uploads\/2021\/10\/2-2-340x340.png\" class=\"attachment-overlap-medium size-overlap-medium\" alt=\"\" srcset=\"https:\/\/kindredfolk.org\/wp-content\/uploads\/2021\/10\/2-2-340x340.png 340w, https:\/\/kindredfolk.org\/wp-content\/uploads\/2021\/10\/2-2-300x300.png 300w, https:\/\/kindredfolk.org\/wp-content\/uploads\/2021\/10\/2-2-1024x1024.png 1024w, https:\/\/kindredfolk.org\/wp-content\/uploads\/2021\/10\/2-2-150x150.png 150w, https:\/\/kindredfolk.org\/wp-content\/uploads\/2021\/10\/2-2-768x768.png 768w, https:\/\/kindredfolk.org\/wp-content\/uploads\/2021\/10\/2-2-640x640.png 640w, https:\/\/kindredfolk.org\/wp-content\/uploads\/2021\/10\/2-2-960x960.png 960w, https:\/\/kindredfolk.org\/wp-content\/uploads\/2021\/10\/2-2.png 1080w\" sizes=\"auto, (max-width: 340px) 100vw, 340px\" \/>                <\/div>\r\n            <div>\r\n                    <img loading=\"lazy\" decoding=\"async\" width=\"340\" height=\"340\" src=\"https:\/\/kindredfolk.org\/wp-content\/uploads\/2021\/10\/9-3-340x340.png\" class=\"attachment-overlap-medium size-overlap-medium\" alt=\"\" srcset=\"https:\/\/kindredfolk.org\/wp-content\/uploads\/2021\/10\/9-3-340x340.png 340w, https:\/\/kindredfolk.org\/wp-content\/uploads\/2021\/10\/9-3-300x300.png 300w, https:\/\/kindredfolk.org\/wp-content\/uploads\/2021\/10\/9-3-1024x1024.png 1024w, https:\/\/kindredfolk.org\/wp-content\/uploads\/2021\/10\/9-3-150x150.png 150w, https:\/\/kindredfolk.org\/wp-content\/uploads\/2021\/10\/9-3-768x768.png 768w, https:\/\/kindredfolk.org\/wp-content\/uploads\/2021\/10\/9-3-640x640.png 640w, https:\/\/kindredfolk.org\/wp-content\/uploads\/2021\/10\/9-3-960x960.png 960w, https:\/\/kindredfolk.org\/wp-content\/uploads\/2021\/10\/9-3.png 1080w\" sizes=\"auto, (max-width: 340px) 100vw, 340px\" \/>                <\/div>\r\n            <div>\r\n                    <img loading=\"lazy\" decoding=\"async\" width=\"340\" height=\"340\" src=\"https:\/\/kindredfolk.org\/wp-content\/uploads\/2021\/10\/8-3-340x340.png\" class=\"attachment-overlap-medium size-overlap-medium\" alt=\"\" srcset=\"https:\/\/kindredfolk.org\/wp-content\/uploads\/2021\/10\/8-3-340x340.png 340w, https:\/\/kindredfolk.org\/wp-content\/uploads\/2021\/10\/8-3-300x300.png 300w, https:\/\/kindredfolk.org\/wp-content\/uploads\/2021\/10\/8-3-1024x1024.png 1024w, https:\/\/kindredfolk.org\/wp-content\/uploads\/2021\/10\/8-3-150x150.png 150w, https:\/\/kindredfolk.org\/wp-content\/uploads\/2021\/10\/8-3-768x768.png 768w, https:\/\/kindredfolk.org\/wp-content\/uploads\/2021\/10\/8-3-640x640.png 640w, https:\/\/kindredfolk.org\/wp-content\/uploads\/2021\/10\/8-3-960x960.png 960w, https:\/\/kindredfolk.org\/wp-content\/uploads\/2021\/10\/8-3.png 1080w\" sizes=\"auto, (max-width: 340px) 100vw, 340px\" \/>                <\/div>\r\n            <div>\r\n                    <img loading=\"lazy\" decoding=\"async\" width=\"340\" height=\"340\" src=\"https:\/\/kindredfolk.org\/wp-content\/uploads\/2021\/10\/7-3-340x340.png\" class=\"attachment-overlap-medium size-overlap-medium\" alt=\"\" srcset=\"https:\/\/kindredfolk.org\/wp-content\/uploads\/2021\/10\/7-3-340x340.png 340w, https:\/\/kindredfolk.org\/wp-content\/uploads\/2021\/10\/7-3-300x300.png 300w, https:\/\/kindredfolk.org\/wp-content\/uploads\/2021\/10\/7-3-1024x1024.png 1024w, https:\/\/kindredfolk.org\/wp-content\/uploads\/2021\/10\/7-3-150x150.png 150w, https:\/\/kindredfolk.org\/wp-content\/uploads\/2021\/10\/7-3-768x768.png 768w, https:\/\/kindredfolk.org\/wp-content\/uploads\/2021\/10\/7-3-640x640.png 640w, https:\/\/kindredfolk.org\/wp-content\/uploads\/2021\/10\/7-3-960x960.png 960w, https:\/\/kindredfolk.org\/wp-content\/uploads\/2021\/10\/7-3.png 1080w\" sizes=\"auto, (max-width: 340px) 100vw, 340px\" \/>                <\/div>\r\n            <div>\r\n                    <img loading=\"lazy\" decoding=\"async\" width=\"340\" height=\"340\" src=\"https:\/\/kindredfolk.org\/wp-content\/uploads\/2021\/10\/1-2-340x340.png\" class=\"attachment-overlap-medium size-overlap-medium\" alt=\"\" srcset=\"https:\/\/kindredfolk.org\/wp-content\/uploads\/2021\/10\/1-2-340x340.png 340w, https:\/\/kindredfolk.org\/wp-content\/uploads\/2021\/10\/1-2-300x300.png 300w, https:\/\/kindredfolk.org\/wp-content\/uploads\/2021\/10\/1-2-1024x1024.png 1024w, https:\/\/kindredfolk.org\/wp-content\/uploads\/2021\/10\/1-2-150x150.png 150w, https:\/\/kindredfolk.org\/wp-content\/uploads\/2021\/10\/1-2-768x768.png 768w, https:\/\/kindredfolk.org\/wp-content\/uploads\/2021\/10\/1-2-640x640.png 640w, https:\/\/kindredfolk.org\/wp-content\/uploads\/2021\/10\/1-2-960x960.png 960w, https:\/\/kindredfolk.org\/wp-content\/uploads\/2021\/10\/1-2.png 1080w\" sizes=\"auto, (max-width: 340px) 100vw, 340px\" \/>                <\/div>\r\n        <\/div>\r\n<\/div><div class=\"w-space\" style=\"height:30px\"><\/div><\/div><\/div><\/div><\/section>","protected":false},"excerpt":{"rendered":"Rough &amp; Tumble is a dance performance for the whole family all about PLAY! Rough &amp; Tumble invites your family to join in and PLAY! A series of bright, energetic [...]","protected":false},"author":1,"featured_media":0,"parent":33,"menu_order":0,"comment_status":"closed","ping_status":"closed","template":"","meta":{"footnotes":""},"class_list":["post-42","page","type-page","status-publish","hentry"],"_links":{"self":[{"href":"http:\/\/kindredfolk.org\/de\/wp-json\/wp\/v2\/pages\/42","targetHints":{"allow":["GET"]}}],"collection":[{"href":"http:\/\/kindredfolk.org\/de\/wp-json\/wp\/v2\/pages"}],"about":[{"href":"http:\/\/kindredfolk.org\/de\/wp-json\/wp\/v2\/types\/page"}],"author":[{"embeddable":true,"href":"http:\/\/kindredfolk.org\/de\/wp-json\/wp\/v2\/users\/1"}],"replies":[{"embeddable":true,"href":"http:\/\/kindredfolk.org\/de\/wp-json\/wp\/v2\/comments?post=42"}],"version-history":[{"count":26,"href":"http:\/\/kindredfolk.org\/de\/wp-json\/wp\/v2\/pages\/42\/revisions"}],"predecessor-version":[{"id":711,"href":"http:\/\/kindredfolk.org\/de\/wp-json\/wp\/v2\/pages\/42\/revisions\/711"}],"up":[{"embeddable":true,"href":"http:\/\/kindredfolk.org\/de\/wp-json\/wp\/v2\/pages\/33"}],"wp:attachment":[{"href":"http:\/\/kindredfolk.org\/de\/wp-json\/wp\/v2\/media?parent=42"}],"curies":[{"name":"wp","href":"https:\/\/api.w.org\/{rel}","templated":true}]}}