{"id":40,"date":"2021-10-07T17:56:12","date_gmt":"2021-10-07T17:56:12","guid":{"rendered":"https:\/\/kindredfolk.org\/?page_id=40"},"modified":"2024-08-30T18:25:23","modified_gmt":"2024-08-30T18:25:23","slug":"cut-from-the-cloth","status":"publish","type":"page","link":"http:\/\/kindredfolk.org\/de\/productions\/cut-from-the-cloth","title":{"rendered":"Aus dem Stoff geschnitten"},"content":{"rendered":"<section class=\"w-section\">\r\n<div class=\"row\"><div class=\"col col-12\">\r\n    <div class=\"col-inner\"><div class=\"w-space\" style=\"height:30px\"><\/div><\/div><\/div><\/div><\/section><section class=\"w-section w-full no-padding\">\r\n<div class=\"row xs-column-reverse w-align-middle w-row-flex\"><div class=\"col col-6 no-padding w-overlap-box\" style=\"right:-50px;z-index:50\">\r\n    <div class=\"col-inner\"><div class=\"w-image text-left\">\n            <img loading=\"lazy\" decoding=\"async\" width=\"2518\" height=\"2560\" src=\"https:\/\/kindredfolk.org\/wp-content\/uploads\/2021\/10\/Emily-Oshea-Dance-3-scaled.jpg\" class=\"attachment-full size-full\" alt=\"\" srcset=\"https:\/\/kindredfolk.org\/wp-content\/uploads\/2021\/10\/Emily-Oshea-Dance-3-scaled.jpg 2518w, https:\/\/kindredfolk.org\/wp-content\/uploads\/2021\/10\/Emily-Oshea-Dance-3-295x300.jpg 295w, https:\/\/kindredfolk.org\/wp-content\/uploads\/2021\/10\/Emily-Oshea-Dance-3-1007x1024.jpg 1007w, https:\/\/kindredfolk.org\/wp-content\/uploads\/2021\/10\/Emily-Oshea-Dance-3-768x781.jpg 768w, https:\/\/kindredfolk.org\/wp-content\/uploads\/2021\/10\/Emily-Oshea-Dance-3-1511x1536.jpg 1511w, https:\/\/kindredfolk.org\/wp-content\/uploads\/2021\/10\/Emily-Oshea-Dance-3-2014x2048.jpg 2014w, https:\/\/kindredfolk.org\/wp-content\/uploads\/2021\/10\/Emily-Oshea-Dance-3-640x651.jpg 640w, https:\/\/kindredfolk.org\/wp-content\/uploads\/2021\/10\/Emily-Oshea-Dance-3-1280x1301.jpg 1280w\" sizes=\"auto, (max-width: 2518px) 100vw, 2518px\" \/>    <\/div>\n<\/div><\/div><div class=\"col col-6 w-overlap-box\" style=\"left:-50px\">\r\n    <div class=\"col-inner\"><div class=\"w-space\" style=\"height:10px\"><\/div><div class=\"row\">\r\n    <div class=\"col col-12\" style=\"background-color:#ffffff\">\r\n    <div class=\"col-inner\"><div class=\"w-space\" style=\"height:30px\"><\/div><div class=\"w-custom-heading\">\n    <h2 style=\"font-size: 60px;line-height: 72px;text-align: left;font-family:Playfair Display;font-weight:900;font-style:normal\">    Aus dem Stoff geschnitten    <\/h2><\/div><div class=\"w-space\" style=\"height:30px\"><\/div><div class=\"w-text-block\">\n    <p style=\"font-style: normal; font-variant-caps: normal; font-weight: normal; letter-spacing: normal; orphans: auto; text-align: start; text-indent: 0px; text-transform: none; white-space: normal; widows: auto; word-spacing: 0px; -webkit-text-size-adjust: auto; -webkit-text-stroke-width: 0px; text-decoration: none; caret-color: #000000; color: #000000;\">Cut from the Cloth verwebt pers\u00f6nliche Geschichten, Familiengeschichte und politische und soziale Ver\u00e4nderungen an der nordirischen Grenze \u00fcber vier Generationen hinweg. Die Auff\u00fchrung nimmt Sie mit auf eine emotionale Achterbahnfahrt, die die Teilung Nordirlands und der Republik Irland, die B\u00fcrgerrechtsbewegung und den Kampf f\u00fcr Frauenrechte mit der Freude und dem Humor allt\u00e4glicher Interaktionen verbindet. Der Abend wird mit einem optionalen irischen Ceilidh enden.<\/p>\n<\/div><div class=\"w-space\" style=\"height:30px\"><\/div><\/div><\/div><\/div><\/div><\/div><\/div><\/section><section class=\"w-section\">\r\n<div class=\"row\"><div class=\"col col-4\">\r\n    <div class=\"col-inner\"><div class=\"w-image text-left\">\n            <img loading=\"lazy\" decoding=\"async\" width=\"2560\" height=\"1707\" src=\"https:\/\/kindredfolk.org\/wp-content\/uploads\/2021\/10\/Emily-Oshea-Dance-13-scaled.jpg\" class=\"attachment-full size-full\" alt=\"\" srcset=\"https:\/\/kindredfolk.org\/wp-content\/uploads\/2021\/10\/Emily-Oshea-Dance-13-scaled.jpg 2560w, https:\/\/kindredfolk.org\/wp-content\/uploads\/2021\/10\/Emily-Oshea-Dance-13-300x200.jpg 300w, https:\/\/kindredfolk.org\/wp-content\/uploads\/2021\/10\/Emily-Oshea-Dance-13-1024x683.jpg 1024w, https:\/\/kindredfolk.org\/wp-content\/uploads\/2021\/10\/Emily-Oshea-Dance-13-768x512.jpg 768w, https:\/\/kindredfolk.org\/wp-content\/uploads\/2021\/10\/Emily-Oshea-Dance-13-1536x1024.jpg 1536w, https:\/\/kindredfolk.org\/wp-content\/uploads\/2021\/10\/Emily-Oshea-Dance-13-2048x1365.jpg 2048w, https:\/\/kindredfolk.org\/wp-content\/uploads\/2021\/10\/Emily-Oshea-Dance-13-640x427.jpg 640w, https:\/\/kindredfolk.org\/wp-content\/uploads\/2021\/10\/Emily-Oshea-Dance-13-1280x853.jpg 1280w\" sizes=\"auto, (max-width: 2560px) 100vw, 2560px\" \/>    <\/div>\n<div class=\"w-space\" style=\"height:30px\"><\/div><\/div><\/div><div class=\"col col-4\">\r\n    <div class=\"col-inner\"><div class=\"w-image text-left\">\n            <img loading=\"lazy\" decoding=\"async\" width=\"2560\" height=\"1707\" src=\"https:\/\/kindredfolk.org\/wp-content\/uploads\/2021\/10\/Emily-Oshea-Dance-7-scaled.jpg\" class=\"attachment-full size-full\" alt=\"\" srcset=\"https:\/\/kindredfolk.org\/wp-content\/uploads\/2021\/10\/Emily-Oshea-Dance-7-scaled.jpg 2560w, https:\/\/kindredfolk.org\/wp-content\/uploads\/2021\/10\/Emily-Oshea-Dance-7-300x200.jpg 300w, https:\/\/kindredfolk.org\/wp-content\/uploads\/2021\/10\/Emily-Oshea-Dance-7-1024x683.jpg 1024w, https:\/\/kindredfolk.org\/wp-content\/uploads\/2021\/10\/Emily-Oshea-Dance-7-768x512.jpg 768w, https:\/\/kindredfolk.org\/wp-content\/uploads\/2021\/10\/Emily-Oshea-Dance-7-1536x1024.jpg 1536w, https:\/\/kindredfolk.org\/wp-content\/uploads\/2021\/10\/Emily-Oshea-Dance-7-2048x1365.jpg 2048w, https:\/\/kindredfolk.org\/wp-content\/uploads\/2021\/10\/Emily-Oshea-Dance-7-640x427.jpg 640w, https:\/\/kindredfolk.org\/wp-content\/uploads\/2021\/10\/Emily-Oshea-Dance-7-1280x853.jpg 1280w\" sizes=\"auto, (max-width: 2560px) 100vw, 2560px\" \/>    <\/div>\n<div class=\"w-space\" style=\"height:30px\"><\/div><\/div><\/div><div class=\"col col-4\">\r\n    <div class=\"col-inner\"><div class=\"w-image text-left\">\n            <img loading=\"lazy\" decoding=\"async\" width=\"2560\" height=\"1707\" src=\"https:\/\/kindredfolk.org\/wp-content\/uploads\/2021\/10\/Emily-Oshea-Dance-8-scaled.jpg\" class=\"attachment-full size-full\" alt=\"\" srcset=\"https:\/\/kindredfolk.org\/wp-content\/uploads\/2021\/10\/Emily-Oshea-Dance-8-scaled.jpg 2560w, https:\/\/kindredfolk.org\/wp-content\/uploads\/2021\/10\/Emily-Oshea-Dance-8-300x200.jpg 300w, https:\/\/kindredfolk.org\/wp-content\/uploads\/2021\/10\/Emily-Oshea-Dance-8-1024x683.jpg 1024w, https:\/\/kindredfolk.org\/wp-content\/uploads\/2021\/10\/Emily-Oshea-Dance-8-768x512.jpg 768w, https:\/\/kindredfolk.org\/wp-content\/uploads\/2021\/10\/Emily-Oshea-Dance-8-1536x1024.jpg 1536w, https:\/\/kindredfolk.org\/wp-content\/uploads\/2021\/10\/Emily-Oshea-Dance-8-2048x1365.jpg 2048w, https:\/\/kindredfolk.org\/wp-content\/uploads\/2021\/10\/Emily-Oshea-Dance-8-640x427.jpg 640w, https:\/\/kindredfolk.org\/wp-content\/uploads\/2021\/10\/Emily-Oshea-Dance-8-1280x853.jpg 1280w\" sizes=\"auto, (max-width: 2560px) 100vw, 2560px\" \/>    <\/div>\n<div class=\"w-space\" style=\"height:30px\"><\/div><\/div><\/div><\/div><\/section><section class=\"w-section\">\r\n<div class=\"row\"><div class=\"col col-12\">\r\n    <div class=\"col-inner\"><div class=\"w-text-block\">\n    <p style=\"font-style: normal; font-variant-caps: normal; font-weight: normal; letter-spacing: normal; orphans: auto; text-indent: 0px; text-transform: none; white-space: normal; widows: auto; word-spacing: 0px; -webkit-text-size-adjust: auto; -webkit-text-stroke-width: 0px; text-decoration: none; caret-color: #000000; color: #000000; text-align: center;\">Bilder von Joe Armitage \u2013 Boneshaker Photography<\/p>\n<p style=\"font-style: normal; font-variant-caps: normal; font-weight: normal; letter-spacing: normal; orphans: auto; text-align: start; text-indent: 0px; text-transform: none; white-space: normal; widows: auto; word-spacing: 0px; -webkit-text-size-adjust: auto; -webkit-text-stroke-width: 0px; text-decoration: none; caret-color: #000000; color: #000000;\">\n<\/div><div class=\"w-space\" style=\"height:30px\"><\/div><div class=\"w-heading heading-1 text-center\">\r\n             \r\n    <p class=\"heading-title\">Unterst\u00fctzt von<\/p>            <\/div><div class=\"w-clients-carousel\">\r\n    <div class=\"owl-carousel\" data-items=\"4\" data-navigation=\"true\" data-pagination=\"false\" data-loop=\"true\" data-auto-play=\"true\" data-speed=\"4\">\r\n            <div>\r\n                    <img loading=\"lazy\" decoding=\"async\" width=\"340\" height=\"340\" src=\"https:\/\/kindredfolk.org\/wp-content\/uploads\/2021\/10\/11-3-340x340.png\" class=\"attachment-overlap-medium size-overlap-medium\" alt=\"\" srcset=\"https:\/\/kindredfolk.org\/wp-content\/uploads\/2021\/10\/11-3-340x340.png 340w, https:\/\/kindredfolk.org\/wp-content\/uploads\/2021\/10\/11-3-300x300.png 300w, https:\/\/kindredfolk.org\/wp-content\/uploads\/2021\/10\/11-3-1024x1024.png 1024w, https:\/\/kindredfolk.org\/wp-content\/uploads\/2021\/10\/11-3-150x150.png 150w, https:\/\/kindredfolk.org\/wp-content\/uploads\/2021\/10\/11-3-768x768.png 768w, https:\/\/kindredfolk.org\/wp-content\/uploads\/2021\/10\/11-3-640x640.png 640w, https:\/\/kindredfolk.org\/wp-content\/uploads\/2021\/10\/11-3-960x960.png 960w, https:\/\/kindredfolk.org\/wp-content\/uploads\/2021\/10\/11-3.png 1080w\" sizes=\"auto, (max-width: 340px) 100vw, 340px\" \/>                <\/div>\r\n            <div>\r\n                    <img loading=\"lazy\" decoding=\"async\" width=\"340\" height=\"340\" src=\"https:\/\/kindredfolk.org\/wp-content\/uploads\/2021\/10\/10-3-340x340.png\" class=\"attachment-overlap-medium size-overlap-medium\" alt=\"\" srcset=\"https:\/\/kindredfolk.org\/wp-content\/uploads\/2021\/10\/10-3-340x340.png 340w, https:\/\/kindredfolk.org\/wp-content\/uploads\/2021\/10\/10-3-300x300.png 300w, https:\/\/kindredfolk.org\/wp-content\/uploads\/2021\/10\/10-3-1024x1024.png 1024w, https:\/\/kindredfolk.org\/wp-content\/uploads\/2021\/10\/10-3-150x150.png 150w, https:\/\/kindredfolk.org\/wp-content\/uploads\/2021\/10\/10-3-768x768.png 768w, https:\/\/kindredfolk.org\/wp-content\/uploads\/2021\/10\/10-3-640x640.png 640w, https:\/\/kindredfolk.org\/wp-content\/uploads\/2021\/10\/10-3-960x960.png 960w, https:\/\/kindredfolk.org\/wp-content\/uploads\/2021\/10\/10-3.png 1080w\" sizes=\"auto, (max-width: 340px) 100vw, 340px\" \/>                <\/div>\r\n            <div>\r\n                    <img loading=\"lazy\" decoding=\"async\" width=\"340\" height=\"340\" src=\"https:\/\/kindredfolk.org\/wp-content\/uploads\/2021\/10\/3-2-340x340.png\" class=\"attachment-overlap-medium size-overlap-medium\" alt=\"\" srcset=\"https:\/\/kindredfolk.org\/wp-content\/uploads\/2021\/10\/3-2-340x340.png 340w, https:\/\/kindredfolk.org\/wp-content\/uploads\/2021\/10\/3-2-300x300.png 300w, https:\/\/kindredfolk.org\/wp-content\/uploads\/2021\/10\/3-2-1024x1024.png 1024w, https:\/\/kindredfolk.org\/wp-content\/uploads\/2021\/10\/3-2-150x150.png 150w, https:\/\/kindredfolk.org\/wp-content\/uploads\/2021\/10\/3-2-768x768.png 768w, https:\/\/kindredfolk.org\/wp-content\/uploads\/2021\/10\/3-2-640x640.png 640w, https:\/\/kindredfolk.org\/wp-content\/uploads\/2021\/10\/3-2-960x960.png 960w, https:\/\/kindredfolk.org\/wp-content\/uploads\/2021\/10\/3-2.png 1080w\" sizes=\"auto, (max-width: 340px) 100vw, 340px\" \/>                <\/div>\r\n            <div>\r\n                    <img loading=\"lazy\" decoding=\"async\" width=\"340\" height=\"340\" src=\"https:\/\/kindredfolk.org\/wp-content\/uploads\/2021\/10\/2-2-340x340.png\" class=\"attachment-overlap-medium size-overlap-medium\" alt=\"\" srcset=\"https:\/\/kindredfolk.org\/wp-content\/uploads\/2021\/10\/2-2-340x340.png 340w, https:\/\/kindredfolk.org\/wp-content\/uploads\/2021\/10\/2-2-300x300.png 300w, https:\/\/kindredfolk.org\/wp-content\/uploads\/2021\/10\/2-2-1024x1024.png 1024w, https:\/\/kindredfolk.org\/wp-content\/uploads\/2021\/10\/2-2-150x150.png 150w, https:\/\/kindredfolk.org\/wp-content\/uploads\/2021\/10\/2-2-768x768.png 768w, https:\/\/kindredfolk.org\/wp-content\/uploads\/2021\/10\/2-2-640x640.png 640w, https:\/\/kindredfolk.org\/wp-content\/uploads\/2021\/10\/2-2-960x960.png 960w, https:\/\/kindredfolk.org\/wp-content\/uploads\/2021\/10\/2-2.png 1080w\" sizes=\"auto, (max-width: 340px) 100vw, 340px\" \/>                <\/div>\r\n        <\/div>\r\n<\/div><\/div><\/div><\/div><\/section>","protected":false},"excerpt":{"rendered":"Cut from the Cloth Cut from the Cloth weaves together personal stories, family history and political &amp; social changes on the Northern Irish border through four generations. The performance will [...]","protected":false},"author":1,"featured_media":0,"parent":33,"menu_order":0,"comment_status":"closed","ping_status":"closed","template":"","meta":{"footnotes":""},"class_list":["post-40","page","type-page","status-publish","hentry"],"_links":{"self":[{"href":"http:\/\/kindredfolk.org\/de\/wp-json\/wp\/v2\/pages\/40","targetHints":{"allow":["GET"]}}],"collection":[{"href":"http:\/\/kindredfolk.org\/de\/wp-json\/wp\/v2\/pages"}],"about":[{"href":"http:\/\/kindredfolk.org\/de\/wp-json\/wp\/v2\/types\/page"}],"author":[{"embeddable":true,"href":"http:\/\/kindredfolk.org\/de\/wp-json\/wp\/v2\/users\/1"}],"replies":[{"embeddable":true,"href":"http:\/\/kindredfolk.org\/de\/wp-json\/wp\/v2\/comments?post=40"}],"version-history":[{"count":12,"href":"http:\/\/kindredfolk.org\/de\/wp-json\/wp\/v2\/pages\/40\/revisions"}],"predecessor-version":[{"id":648,"href":"http:\/\/kindredfolk.org\/de\/wp-json\/wp\/v2\/pages\/40\/revisions\/648"}],"up":[{"embeddable":true,"href":"http:\/\/kindredfolk.org\/de\/wp-json\/wp\/v2\/pages\/33"}],"wp:attachment":[{"href":"http:\/\/kindredfolk.org\/de\/wp-json\/wp\/v2\/media?parent=40"}],"curies":[{"name":"wp","href":"https:\/\/api.w.org\/{rel}","templated":true}]}}