{"id":367,"date":"2021-10-31T15:15:06","date_gmt":"2021-10-31T15:15:06","guid":{"rendered":"https:\/\/kindredfolk.org\/?page_id=367"},"modified":"2024-08-30T18:27:02","modified_gmt":"2024-08-30T18:27:02","slug":"lost","status":"publish","type":"page","link":"http:\/\/kindredfolk.org\/de\/productions\/lost","title":{"rendered":"Verloren"},"content":{"rendered":"<section class=\"w-section\">\r\n<div class=\"row\"><div class=\"col col-12\">\r\n    <div class=\"col-inner\"><div class=\"w-space\" style=\"height:10px\"><\/div><\/div><\/div><\/div><\/section><section class=\"w-section w-full no-padding\">\r\n<div class=\"row xs-column-reverse w-align-middle w-row-flex\"><div class=\"col col-6 no-padding w-overlap-box\" style=\"right:-50px;z-index:50\">\r\n    <div class=\"col-inner\"><div class=\"w-image text-left\">\n            <img loading=\"lazy\" decoding=\"async\" width=\"1414\" height=\"2000\" src=\"https:\/\/kindredfolk.org\/wp-content\/uploads\/2021\/10\/2-4.png\" class=\"attachment-full size-full\" alt=\"\" srcset=\"https:\/\/kindredfolk.org\/wp-content\/uploads\/2021\/10\/2-4.png 1414w, https:\/\/kindredfolk.org\/wp-content\/uploads\/2021\/10\/2-4-212x300.png 212w, https:\/\/kindredfolk.org\/wp-content\/uploads\/2021\/10\/2-4-724x1024.png 724w, https:\/\/kindredfolk.org\/wp-content\/uploads\/2021\/10\/2-4-768x1086.png 768w, https:\/\/kindredfolk.org\/wp-content\/uploads\/2021\/10\/2-4-1086x1536.png 1086w, https:\/\/kindredfolk.org\/wp-content\/uploads\/2021\/10\/2-4-640x905.png 640w, https:\/\/kindredfolk.org\/wp-content\/uploads\/2021\/10\/2-4-1280x1810.png 1280w\" sizes=\"auto, (max-width: 1414px) 100vw, 1414px\" \/>    <\/div>\n<\/div><\/div><div class=\"col col-6 w-overlap-box\" style=\"left:-50px\">\r\n    <div class=\"col-inner\"><div class=\"w-space\" style=\"height:10px\"><\/div><div class=\"row\">\r\n    <div class=\"col col-12\" style=\"background-color:#ffffff\">\r\n    <div class=\"col-inner\"><div class=\"w-space\" style=\"height:30px\"><\/div><div class=\"w-custom-heading\">\n    <h2 style=\"font-size: 60px;line-height: 72px;text-align: left;font-family:Playfair Display;font-weight:900;font-style:normal\">    Verloren    <\/h2><\/div><div class=\"w-space\" style=\"height:30px\"><\/div><div class=\"w-text-block\">\n    <p>\u201eEs war einmal ein M\u00e4dchen, dem blieb die Stimme im Halse stecken \u2026\u201c<\/p>\n<p>Begleiten Sie uns auf einem Abenteuer mit Lost, um ihre Stimme zu finden!<\/p>\n<p>Mit Tanz, Musik und Geschichtenerz\u00e4hlen entf\u00fchren wir Sie aus Ihrer \u00f6rtlichen Bibliothek \u00fcber die Meere zu belebten Stra\u00dfen, ummauerten St\u00e4dten und mystischen Str\u00e4nden.<\/p>\n<p>Die gro\u00dfe Frage ist \u2026<\/p>\n<p>Wird Lost ihre Stimme finden?<\/p>\n<\/div><div class=\"w-space\" style=\"height:30px\"><\/div><\/div><\/div><\/div><\/div><\/div><\/div><\/section><section class=\"w-section\">\r\n<div class=\"row\"><div class=\"col col-12\">\r\n    <div class=\"col-inner\"><div class=\"w-heading heading-1 text-center\">\r\n         \r\n    <span class=\"subheading\" style=\"color:#72a3b3\">Auf unserer Reise<\/span>         \r\n    <h2 class=\"heading-title\" style=\"color:#083157\">Wird Lost finden...<\/h2>            <\/div><\/div><\/div><\/div><\/section><section class=\"w-section s-padding\">\r\n<div class=\"row\"><div class=\"col col-4\">\r\n    <div class=\"col-inner\"><div class=\"w-image text-left\">\n            <img loading=\"lazy\" decoding=\"async\" width=\"1920\" height=\"1080\" src=\"https:\/\/kindredfolk.org\/wp-content\/uploads\/2021\/10\/L1.png\" class=\"attachment-full size-full\" alt=\"\" srcset=\"https:\/\/kindredfolk.org\/wp-content\/uploads\/2021\/10\/L1.png 1920w, https:\/\/kindredfolk.org\/wp-content\/uploads\/2021\/10\/L1-300x169.png 300w, https:\/\/kindredfolk.org\/wp-content\/uploads\/2021\/10\/L1-1024x576.png 1024w, https:\/\/kindredfolk.org\/wp-content\/uploads\/2021\/10\/L1-768x432.png 768w, https:\/\/kindredfolk.org\/wp-content\/uploads\/2021\/10\/L1-1536x864.png 1536w, https:\/\/kindredfolk.org\/wp-content\/uploads\/2021\/10\/L1-960x540.png 960w, https:\/\/kindredfolk.org\/wp-content\/uploads\/2021\/10\/L1-640x360.png 640w, https:\/\/kindredfolk.org\/wp-content\/uploads\/2021\/10\/L1-1280x720.png 1280w\" sizes=\"auto, (max-width: 1920px) 100vw, 1920px\" \/>    <\/div>\n<div class=\"w-space\" style=\"height:30px\"><\/div><div class=\"w-text-block\">\n    <h3 style=\"text-align: center;\">Geborgenheit, W\u00e4rme, Liebe und ein Zuhause?<\/h3>\n<\/div><\/div><\/div><div class=\"col col-4\">\r\n    <div class=\"col-inner\"><div class=\"w-image text-left\">\n            <img loading=\"lazy\" decoding=\"async\" width=\"1920\" height=\"1080\" src=\"https:\/\/kindredfolk.org\/wp-content\/uploads\/2021\/10\/L2.png\" class=\"attachment-full size-full\" alt=\"\" srcset=\"https:\/\/kindredfolk.org\/wp-content\/uploads\/2021\/10\/L2.png 1920w, https:\/\/kindredfolk.org\/wp-content\/uploads\/2021\/10\/L2-300x169.png 300w, https:\/\/kindredfolk.org\/wp-content\/uploads\/2021\/10\/L2-1024x576.png 1024w, https:\/\/kindredfolk.org\/wp-content\/uploads\/2021\/10\/L2-768x432.png 768w, https:\/\/kindredfolk.org\/wp-content\/uploads\/2021\/10\/L2-1536x864.png 1536w, https:\/\/kindredfolk.org\/wp-content\/uploads\/2021\/10\/L2-960x540.png 960w, https:\/\/kindredfolk.org\/wp-content\/uploads\/2021\/10\/L2-640x360.png 640w, https:\/\/kindredfolk.org\/wp-content\/uploads\/2021\/10\/L2-1280x720.png 1280w\" sizes=\"auto, (max-width: 1920px) 100vw, 1920px\" \/>    <\/div>\n<div class=\"w-space\" style=\"height:30px\"><\/div><div class=\"w-text-block\">\n    <h3 style=\"text-align: center;\">Kraft, Tapferkeit und Mut?<\/h3>\n<\/div><\/div><\/div><div class=\"col col-4\">\r\n    <div class=\"col-inner\"><div class=\"w-image text-left\">\n            <img loading=\"lazy\" decoding=\"async\" width=\"1920\" height=\"1080\" src=\"https:\/\/kindredfolk.org\/wp-content\/uploads\/2021\/10\/L3.png\" class=\"attachment-full size-full\" alt=\"\" srcset=\"https:\/\/kindredfolk.org\/wp-content\/uploads\/2021\/10\/L3.png 1920w, https:\/\/kindredfolk.org\/wp-content\/uploads\/2021\/10\/L3-300x169.png 300w, https:\/\/kindredfolk.org\/wp-content\/uploads\/2021\/10\/L3-1024x576.png 1024w, https:\/\/kindredfolk.org\/wp-content\/uploads\/2021\/10\/L3-768x432.png 768w, https:\/\/kindredfolk.org\/wp-content\/uploads\/2021\/10\/L3-1536x864.png 1536w, https:\/\/kindredfolk.org\/wp-content\/uploads\/2021\/10\/L3-960x540.png 960w, https:\/\/kindredfolk.org\/wp-content\/uploads\/2021\/10\/L3-640x360.png 640w, https:\/\/kindredfolk.org\/wp-content\/uploads\/2021\/10\/L3-1280x720.png 1280w\" sizes=\"auto, (max-width: 1920px) 100vw, 1920px\" \/>    <\/div>\n<div class=\"w-space\" style=\"height:30px\"><\/div><div class=\"w-text-block\">\n    <h3 style=\"text-align: center;\">Staunen, Neugier und Freude?<\/h3>\n<\/div><\/div><\/div><\/div><\/section><section class=\"w-section w-full w-parallax\">\r\n<div class=\"section-background\"><div class=\"bg-wrapper bg-image\" style=\"background-image:url(https:\/\/kindredfolk.org\/wp-content\/uploads\/2021\/10\/6-5.png);background-position:center top\"><\/div><\/div><div class=\"row\"><div class=\"col col-12\">\r\n    <div class=\"col-inner\"><div class=\"w-space\" style=\"height:10px\"><\/div><\/div><\/div><\/div><\/section><section class=\"w-section\">\r\n<div class=\"row\"><div class=\"col col-12\">\r\n    <div class=\"col-inner\"><div class=\"w-space\" style=\"height:30px\"><\/div><div class=\"w-heading heading-1 text-center\">\r\n         \r\n    <span class=\"subheading\" style=\"color:#72a3b3\">Demn\u00e4chst verf\u00fcgbar<\/span>         \r\n    <h2 class=\"heading-title\" style=\"color:#083157\">Workshops &amp; Performances<\/h2>            <\/div><div class=\"w-space\" style=\"height:100px\"><\/div><\/div><\/div><\/div><\/section><section class=\"w-section w-full w-parallax\">\r\n<div class=\"section-background\"><div class=\"bg-wrapper bg-image\" style=\"background-image:url(https:\/\/kindredfolk.org\/wp-content\/uploads\/2021\/10\/7-4.png);background-position:center bottom\"><\/div><\/div><div class=\"row\"><div class=\"col col-12\">\r\n    <div class=\"col-inner\"><div class=\"w-space\" style=\"height:10px\"><\/div><\/div><\/div><\/div><\/section><section class=\"w-section\">\r\n<div class=\"row\"><div class=\"col col-12\">\r\n    <div class=\"col-inner\"><div class=\"w-space\" style=\"height:30px\"><\/div><div class=\"w-heading heading-1 text-center\">\r\n             \r\n    <p class=\"heading-title\">Unterst\u00fctzt von<\/p>            <\/div><div class=\"w-clients-carousel\">\r\n    <div class=\"owl-carousel\" data-items=\"4\" data-navigation=\"true\" data-pagination=\"false\" data-loop=\"true\" data-auto-play=\"true\" data-speed=\"4\">\r\n            <div>\r\n                    <img loading=\"lazy\" decoding=\"async\" width=\"340\" height=\"340\" src=\"https:\/\/kindredfolk.org\/wp-content\/uploads\/2021\/10\/3-2-340x340.png\" class=\"attachment-overlap-medium size-overlap-medium\" alt=\"\" srcset=\"https:\/\/kindredfolk.org\/wp-content\/uploads\/2021\/10\/3-2-340x340.png 340w, https:\/\/kindredfolk.org\/wp-content\/uploads\/2021\/10\/3-2-300x300.png 300w, https:\/\/kindredfolk.org\/wp-content\/uploads\/2021\/10\/3-2-1024x1024.png 1024w, https:\/\/kindredfolk.org\/wp-content\/uploads\/2021\/10\/3-2-150x150.png 150w, https:\/\/kindredfolk.org\/wp-content\/uploads\/2021\/10\/3-2-768x768.png 768w, https:\/\/kindredfolk.org\/wp-content\/uploads\/2021\/10\/3-2-640x640.png 640w, https:\/\/kindredfolk.org\/wp-content\/uploads\/2021\/10\/3-2-960x960.png 960w, https:\/\/kindredfolk.org\/wp-content\/uploads\/2021\/10\/3-2.png 1080w\" sizes=\"auto, (max-width: 340px) 100vw, 340px\" \/>                <\/div>\r\n            <div>\r\n                    <img loading=\"lazy\" decoding=\"async\" width=\"340\" height=\"340\" src=\"https:\/\/kindredfolk.org\/wp-content\/uploads\/2021\/10\/2-2-340x340.png\" class=\"attachment-overlap-medium size-overlap-medium\" alt=\"\" srcset=\"https:\/\/kindredfolk.org\/wp-content\/uploads\/2021\/10\/2-2-340x340.png 340w, https:\/\/kindredfolk.org\/wp-content\/uploads\/2021\/10\/2-2-300x300.png 300w, https:\/\/kindredfolk.org\/wp-content\/uploads\/2021\/10\/2-2-1024x1024.png 1024w, https:\/\/kindredfolk.org\/wp-content\/uploads\/2021\/10\/2-2-150x150.png 150w, https:\/\/kindredfolk.org\/wp-content\/uploads\/2021\/10\/2-2-768x768.png 768w, https:\/\/kindredfolk.org\/wp-content\/uploads\/2021\/10\/2-2-640x640.png 640w, https:\/\/kindredfolk.org\/wp-content\/uploads\/2021\/10\/2-2-960x960.png 960w, https:\/\/kindredfolk.org\/wp-content\/uploads\/2021\/10\/2-2.png 1080w\" sizes=\"auto, (max-width: 340px) 100vw, 340px\" \/>                <\/div>\r\n            <div>\r\n                    <img loading=\"lazy\" decoding=\"async\" width=\"340\" height=\"340\" src=\"https:\/\/kindredfolk.org\/wp-content\/uploads\/2021\/10\/12-1-340x340.png\" class=\"attachment-overlap-medium size-overlap-medium\" alt=\"\" srcset=\"https:\/\/kindredfolk.org\/wp-content\/uploads\/2021\/10\/12-1-340x340.png 340w, https:\/\/kindredfolk.org\/wp-content\/uploads\/2021\/10\/12-1-300x300.png 300w, https:\/\/kindredfolk.org\/wp-content\/uploads\/2021\/10\/12-1-1024x1024.png 1024w, https:\/\/kindredfolk.org\/wp-content\/uploads\/2021\/10\/12-1-150x150.png 150w, https:\/\/kindredfolk.org\/wp-content\/uploads\/2021\/10\/12-1-768x768.png 768w, https:\/\/kindredfolk.org\/wp-content\/uploads\/2021\/10\/12-1-640x640.png 640w, https:\/\/kindredfolk.org\/wp-content\/uploads\/2021\/10\/12-1-960x960.png 960w, https:\/\/kindredfolk.org\/wp-content\/uploads\/2021\/10\/12-1.png 1080w\" sizes=\"auto, (max-width: 340px) 100vw, 340px\" \/>                <\/div>\r\n            <div>\r\n                    <img loading=\"lazy\" decoding=\"async\" width=\"340\" height=\"340\" src=\"https:\/\/kindredfolk.org\/wp-content\/uploads\/2021\/10\/13-1-340x340.png\" class=\"attachment-overlap-medium size-overlap-medium\" alt=\"\" srcset=\"https:\/\/kindredfolk.org\/wp-content\/uploads\/2021\/10\/13-1-340x340.png 340w, https:\/\/kindredfolk.org\/wp-content\/uploads\/2021\/10\/13-1-300x300.png 300w, https:\/\/kindredfolk.org\/wp-content\/uploads\/2021\/10\/13-1-1024x1024.png 1024w, https:\/\/kindredfolk.org\/wp-content\/uploads\/2021\/10\/13-1-150x150.png 150w, https:\/\/kindredfolk.org\/wp-content\/uploads\/2021\/10\/13-1-768x768.png 768w, https:\/\/kindredfolk.org\/wp-content\/uploads\/2021\/10\/13-1-640x640.png 640w, https:\/\/kindredfolk.org\/wp-content\/uploads\/2021\/10\/13-1-960x960.png 960w, https:\/\/kindredfolk.org\/wp-content\/uploads\/2021\/10\/13-1.png 1080w\" sizes=\"auto, (max-width: 340px) 100vw, 340px\" \/>                <\/div>\r\n        <\/div>\r\n<\/div><div class=\"w-space\" style=\"height:50px\"><\/div><div class=\"w-text-block\">\n    <p style=\"font-style: normal; font-variant-caps: normal; font-weight: normal; letter-spacing: normal; orphans: auto; text-indent: 0px; text-transform: none; white-space: normal; widows: auto; word-spacing: 0px; -webkit-text-size-adjust: auto; -webkit-text-stroke-width: 0px; text-decoration: none; caret-color: #000000; color: #000000; text-align: center;\">Bilder von Joe Armitage \u2013 Boneshaker Photography<\/p>\n<p style=\"font-style: normal; font-variant-caps: normal; font-weight: normal; letter-spacing: normal; orphans: auto; text-align: start; text-indent: 0px; text-transform: none; white-space: normal; widows: auto; word-spacing: 0px; -webkit-text-size-adjust: auto; -webkit-text-stroke-width: 0px; text-decoration: none; caret-color: #000000; color: #000000;\">\n<\/div><\/div><\/div><\/div><\/section><section class=\"w-section\">\r\n<div class=\"row\"><div class=\"col col-12\">\r\n    <div class=\"col-inner\"><div class=\"w-text-block\">\n    <\/div><\/div><\/div><\/div><\/section>","protected":false},"excerpt":{"rendered":"Lost 'There once was a girl whose voice was frozen in her throat ...' Join us on an adventure with Lost to find her voice! Using dance, music and storytelling [...]","protected":false},"author":1,"featured_media":0,"parent":33,"menu_order":0,"comment_status":"closed","ping_status":"closed","template":"","meta":{"footnotes":""},"class_list":["post-367","page","type-page","status-publish","hentry"],"_links":{"self":[{"href":"http:\/\/kindredfolk.org\/de\/wp-json\/wp\/v2\/pages\/367","targetHints":{"allow":["GET"]}}],"collection":[{"href":"http:\/\/kindredfolk.org\/de\/wp-json\/wp\/v2\/pages"}],"about":[{"href":"http:\/\/kindredfolk.org\/de\/wp-json\/wp\/v2\/types\/page"}],"author":[{"embeddable":true,"href":"http:\/\/kindredfolk.org\/de\/wp-json\/wp\/v2\/users\/1"}],"replies":[{"embeddable":true,"href":"http:\/\/kindredfolk.org\/de\/wp-json\/wp\/v2\/comments?post=367"}],"version-history":[{"count":18,"href":"http:\/\/kindredfolk.org\/de\/wp-json\/wp\/v2\/pages\/367\/revisions"}],"predecessor-version":[{"id":650,"href":"http:\/\/kindredfolk.org\/de\/wp-json\/wp\/v2\/pages\/367\/revisions\/650"}],"up":[{"embeddable":true,"href":"http:\/\/kindredfolk.org\/de\/wp-json\/wp\/v2\/pages\/33"}],"wp:attachment":[{"href":"http:\/\/kindredfolk.org\/de\/wp-json\/wp\/v2\/media?parent=367"}],"curies":[{"name":"wp","href":"https:\/\/api.w.org\/{rel}","templated":true}]}}