{"id":25,"date":"2021-10-03T10:45:49","date_gmt":"2021-10-03T10:45:49","guid":{"rendered":"https:\/\/kindredfolk.org\/?page_id=25"},"modified":"2024-09-20T11:34:47","modified_gmt":"2024-09-20T11:34:47","slug":"chalk","status":"publish","type":"page","link":"http:\/\/kindredfolk.org\/de\/get-involved\/chalk","title":{"rendered":"KREIDE"},"content":{"rendered":"<section class=\"w-section\">\r\n<div class=\"row\"><div class=\"col col-6\">\r\n    <div class=\"col-inner\"><div class=\"w-text-block\">\n    <p><span style=\"font-size: 14pt;\">CHALK ist ein Aktivit\u00e4tenpaket f\u00fcr junge Menschen, das Kreidezeichnungen verwendet, um Bewegung und Kreativit\u00e4t zu inspirieren!<\/span><\/p>\n<p style=\"font-style: normal; font-variant-caps: normal; font-weight: normal; letter-spacing: normal; orphans: auto; text-align: start; text-indent: 0px; text-transform: none; white-space: normal; widows: auto; word-spacing: 0px; -webkit-text-size-adjust: auto; -webkit-text-stroke-width: 0px; text-decoration: none; caret-color: #000000; color: #000000;\"><span style=\"font-size: 14pt;\">Wir haben 3 CHALK-Pakete f\u00fcr unterschiedliche Altersgruppen und F\u00e4higkeiten, mit jeweils 10 Aktivit\u00e4ten in einem.<\/span><\/p>\n<p style=\"font-style: normal; font-variant-caps: normal; font-weight: normal; letter-spacing: normal; orphans: auto; text-align: start; text-indent: 0px; text-transform: none; white-space: normal; widows: auto; word-spacing: 0px; -webkit-text-size-adjust: auto; -webkit-text-stroke-width: 0px; text-decoration: none; caret-color: #000000; color: #000000;\"><span style=\"font-size: 14pt;\">Bei jeder Aktivit\u00e4t erfahren Sie, wie Sie sie einrichten, wie Sie spielen und mehr, wenn Sie eine Herausforderung hinzuf\u00fcgen m\u00f6chten!<\/span><\/p>\n<p style=\"font-style: normal; font-variant-caps: normal; font-weight: normal; letter-spacing: normal; orphans: auto; text-align: start; text-indent: 0px; text-transform: none; white-space: normal; widows: auto; word-spacing: 0px; -webkit-text-size-adjust: auto; -webkit-text-stroke-width: 0px; text-decoration: none; caret-color: #000000; color: #000000;\"><span style=\"font-size: 14pt;\"><em>Was brauche ich sonst noch?<\/em><\/span><\/p>\n<ul style=\"font-style: normal; font-variant-caps: normal; font-weight: normal; letter-spacing: normal; orphans: auto; text-align: start; text-indent: 0px; text-transform: none; white-space: normal; widows: auto; word-spacing: 0px; -webkit-text-size-adjust: auto; -webkit-text-stroke-width: 0px; text-decoration: none; caret-color: #000000; color: #000000;\">\n<li><span style=\"font-size: 14pt;\">Ein oder mehrere St\u00fccke Kreide<\/span><\/li>\n<li><span style=\"font-size: 14pt;\">Ein kleiner Stock, der drau\u00dfen zu finden ist<\/span><\/li>\n<\/ul>\n<p><span style=\"font-size: 14pt;\">\u00a0<\/span><\/p>\n<\/div><\/div><\/div><div class=\"col col-6\">\r\n    <div class=\"col-inner\"><div class=\"w-image text-left\">\n            <img loading=\"lazy\" decoding=\"async\" width=\"1920\" height=\"1080\" src=\"https:\/\/kindredfolk.org\/wp-content\/uploads\/2021\/10\/8-1.png\" class=\"attachment-full size-full\" alt=\"\" srcset=\"https:\/\/kindredfolk.org\/wp-content\/uploads\/2021\/10\/8-1.png 1920w, https:\/\/kindredfolk.org\/wp-content\/uploads\/2021\/10\/8-1-300x169.png 300w, https:\/\/kindredfolk.org\/wp-content\/uploads\/2021\/10\/8-1-1024x576.png 1024w, https:\/\/kindredfolk.org\/wp-content\/uploads\/2021\/10\/8-1-768x432.png 768w, https:\/\/kindredfolk.org\/wp-content\/uploads\/2021\/10\/8-1-1536x864.png 1536w, https:\/\/kindredfolk.org\/wp-content\/uploads\/2021\/10\/8-1-960x540.png 960w, https:\/\/kindredfolk.org\/wp-content\/uploads\/2021\/10\/8-1-640x360.png 640w, https:\/\/kindredfolk.org\/wp-content\/uploads\/2021\/10\/8-1-1280x720.png 1280w\" sizes=\"auto, (max-width: 1920px) 100vw, 1920px\" \/>    <\/div>\n<\/div><\/div><\/div><\/section><section class=\"w-section\">\r\n<div class=\"row\"><div class=\"col five-cols\">\r\n    <div class=\"col-inner\"><div class=\"w-image text-left\">\n            <img loading=\"lazy\" decoding=\"async\" width=\"768\" height=\"1024\" src=\"https:\/\/kindredfolk.org\/wp-content\/uploads\/2021\/10\/24d4efec-6aaf-4073-a02e-7db747326b5c.jpg\" class=\"attachment-full size-full\" alt=\"\" srcset=\"https:\/\/kindredfolk.org\/wp-content\/uploads\/2021\/10\/24d4efec-6aaf-4073-a02e-7db747326b5c.jpg 768w, https:\/\/kindredfolk.org\/wp-content\/uploads\/2021\/10\/24d4efec-6aaf-4073-a02e-7db747326b5c-225x300.jpg 225w, https:\/\/kindredfolk.org\/wp-content\/uploads\/2021\/10\/24d4efec-6aaf-4073-a02e-7db747326b5c-600x800.jpg 600w, https:\/\/kindredfolk.org\/wp-content\/uploads\/2021\/10\/24d4efec-6aaf-4073-a02e-7db747326b5c-640x853.jpg 640w\" sizes=\"auto, (max-width: 768px) 100vw, 768px\" \/>    <\/div>\n<\/div><\/div><div class=\"col five-cols\">\r\n    <div class=\"col-inner\"><div class=\"w-image text-left\">\n            <img loading=\"lazy\" decoding=\"async\" width=\"1200\" height=\"1600\" src=\"https:\/\/kindredfolk.org\/wp-content\/uploads\/2021\/10\/68030dde-3480-43e9-8c07-6f7c009e02bd.jpg\" class=\"attachment-full size-full\" alt=\"\" srcset=\"https:\/\/kindredfolk.org\/wp-content\/uploads\/2021\/10\/68030dde-3480-43e9-8c07-6f7c009e02bd.jpg 1200w, https:\/\/kindredfolk.org\/wp-content\/uploads\/2021\/10\/68030dde-3480-43e9-8c07-6f7c009e02bd-225x300.jpg 225w, https:\/\/kindredfolk.org\/wp-content\/uploads\/2021\/10\/68030dde-3480-43e9-8c07-6f7c009e02bd-768x1024.jpg 768w, https:\/\/kindredfolk.org\/wp-content\/uploads\/2021\/10\/68030dde-3480-43e9-8c07-6f7c009e02bd-1152x1536.jpg 1152w, https:\/\/kindredfolk.org\/wp-content\/uploads\/2021\/10\/68030dde-3480-43e9-8c07-6f7c009e02bd-600x800.jpg 600w, https:\/\/kindredfolk.org\/wp-content\/uploads\/2021\/10\/68030dde-3480-43e9-8c07-6f7c009e02bd-640x853.jpg 640w\" sizes=\"auto, (max-width: 1200px) 100vw, 1200px\" \/>    <\/div>\n<\/div><\/div><div class=\"col five-cols\">\r\n    <div class=\"col-inner\"><div class=\"w-image text-left\">\n            <img loading=\"lazy\" decoding=\"async\" width=\"1200\" height=\"1600\" src=\"https:\/\/kindredfolk.org\/wp-content\/uploads\/2021\/10\/1fe0c84e-fe30-4018-8778-1ab19e36122a-1.jpg\" class=\"attachment-full size-full\" alt=\"\" srcset=\"https:\/\/kindredfolk.org\/wp-content\/uploads\/2021\/10\/1fe0c84e-fe30-4018-8778-1ab19e36122a-1.jpg 1200w, https:\/\/kindredfolk.org\/wp-content\/uploads\/2021\/10\/1fe0c84e-fe30-4018-8778-1ab19e36122a-1-225x300.jpg 225w, https:\/\/kindredfolk.org\/wp-content\/uploads\/2021\/10\/1fe0c84e-fe30-4018-8778-1ab19e36122a-1-768x1024.jpg 768w, https:\/\/kindredfolk.org\/wp-content\/uploads\/2021\/10\/1fe0c84e-fe30-4018-8778-1ab19e36122a-1-1152x1536.jpg 1152w, https:\/\/kindredfolk.org\/wp-content\/uploads\/2021\/10\/1fe0c84e-fe30-4018-8778-1ab19e36122a-1-600x800.jpg 600w, https:\/\/kindredfolk.org\/wp-content\/uploads\/2021\/10\/1fe0c84e-fe30-4018-8778-1ab19e36122a-1-640x853.jpg 640w\" sizes=\"auto, (max-width: 1200px) 100vw, 1200px\" \/>    <\/div>\n<\/div><\/div><div class=\"col five-cols\">\r\n    <div class=\"col-inner\"><div class=\"w-image text-left\">\n            <img loading=\"lazy\" decoding=\"async\" width=\"1200\" height=\"1600\" src=\"https:\/\/kindredfolk.org\/wp-content\/uploads\/2021\/10\/fe766837-7ef6-4b40-911a-3cae7977acad.jpg\" class=\"attachment-full size-full\" alt=\"\" srcset=\"https:\/\/kindredfolk.org\/wp-content\/uploads\/2021\/10\/fe766837-7ef6-4b40-911a-3cae7977acad.jpg 1200w, https:\/\/kindredfolk.org\/wp-content\/uploads\/2021\/10\/fe766837-7ef6-4b40-911a-3cae7977acad-225x300.jpg 225w, https:\/\/kindredfolk.org\/wp-content\/uploads\/2021\/10\/fe766837-7ef6-4b40-911a-3cae7977acad-768x1024.jpg 768w, https:\/\/kindredfolk.org\/wp-content\/uploads\/2021\/10\/fe766837-7ef6-4b40-911a-3cae7977acad-1152x1536.jpg 1152w, https:\/\/kindredfolk.org\/wp-content\/uploads\/2021\/10\/fe766837-7ef6-4b40-911a-3cae7977acad-600x800.jpg 600w, https:\/\/kindredfolk.org\/wp-content\/uploads\/2021\/10\/fe766837-7ef6-4b40-911a-3cae7977acad-640x853.jpg 640w\" sizes=\"auto, (max-width: 1200px) 100vw, 1200px\" \/>    <\/div>\n<\/div><\/div><div class=\"col five-cols\">\r\n    <div class=\"col-inner\"><div class=\"w-image text-left\">\n            <img loading=\"lazy\" decoding=\"async\" width=\"768\" height=\"1024\" src=\"https:\/\/kindredfolk.org\/wp-content\/uploads\/2021\/10\/a5b2d9ba-8404-4c9a-b322-c86d8b99d926-1.jpg\" class=\"attachment-full size-full\" alt=\"\" srcset=\"https:\/\/kindredfolk.org\/wp-content\/uploads\/2021\/10\/a5b2d9ba-8404-4c9a-b322-c86d8b99d926-1.jpg 768w, https:\/\/kindredfolk.org\/wp-content\/uploads\/2021\/10\/a5b2d9ba-8404-4c9a-b322-c86d8b99d926-1-225x300.jpg 225w, https:\/\/kindredfolk.org\/wp-content\/uploads\/2021\/10\/a5b2d9ba-8404-4c9a-b322-c86d8b99d926-1-600x800.jpg 600w, https:\/\/kindredfolk.org\/wp-content\/uploads\/2021\/10\/a5b2d9ba-8404-4c9a-b322-c86d8b99d926-1-640x853.jpg 640w\" sizes=\"auto, (max-width: 768px) 100vw, 768px\" \/>    <\/div>\n<\/div><\/div><\/div><\/section><section class=\"w-section\">\r\n<div class=\"row\"><div class=\"col col-12\">\r\n    <div class=\"col-inner\"><div class=\"w-space\" style=\"height:30px\"><\/div><div class=\"w-heading heading-1 text-center\">\r\n         \r\n    <span class=\"subheading\">M\u00f6glich gemacht durch<\/span>         \r\n    <h2 class=\"heading-title\">Unterst\u00fctzung durch<\/h2>            <\/div><div class=\"w-space\" style=\"height:100px\"><\/div><div class=\"w-clients-carousel\">\r\n    <div class=\"owl-carousel\" data-items=\"4\" data-navigation=\"true\" data-pagination=\"false\" data-loop=\"true\" data-auto-play=\"true\" data-speed=\"4\">\r\n            <div>\r\n                    <img loading=\"lazy\" decoding=\"async\" width=\"340\" height=\"340\" src=\"https:\/\/kindredfolk.org\/wp-content\/uploads\/2021\/10\/2-2-340x340.png\" class=\"attachment-overlap-medium size-overlap-medium\" alt=\"\" srcset=\"https:\/\/kindredfolk.org\/wp-content\/uploads\/2021\/10\/2-2-340x340.png 340w, https:\/\/kindredfolk.org\/wp-content\/uploads\/2021\/10\/2-2-300x300.png 300w, https:\/\/kindredfolk.org\/wp-content\/uploads\/2021\/10\/2-2-1024x1024.png 1024w, https:\/\/kindredfolk.org\/wp-content\/uploads\/2021\/10\/2-2-150x150.png 150w, https:\/\/kindredfolk.org\/wp-content\/uploads\/2021\/10\/2-2-768x768.png 768w, https:\/\/kindredfolk.org\/wp-content\/uploads\/2021\/10\/2-2-640x640.png 640w, https:\/\/kindredfolk.org\/wp-content\/uploads\/2021\/10\/2-2-960x960.png 960w, https:\/\/kindredfolk.org\/wp-content\/uploads\/2021\/10\/2-2.png 1080w\" sizes=\"auto, (max-width: 340px) 100vw, 340px\" \/>                <\/div>\r\n            <div>\r\n                    <img loading=\"lazy\" decoding=\"async\" width=\"340\" height=\"340\" src=\"https:\/\/kindredfolk.org\/wp-content\/uploads\/2021\/10\/3-2-340x340.png\" class=\"attachment-overlap-medium size-overlap-medium\" alt=\"\" srcset=\"https:\/\/kindredfolk.org\/wp-content\/uploads\/2021\/10\/3-2-340x340.png 340w, https:\/\/kindredfolk.org\/wp-content\/uploads\/2021\/10\/3-2-300x300.png 300w, https:\/\/kindredfolk.org\/wp-content\/uploads\/2021\/10\/3-2-1024x1024.png 1024w, https:\/\/kindredfolk.org\/wp-content\/uploads\/2021\/10\/3-2-150x150.png 150w, https:\/\/kindredfolk.org\/wp-content\/uploads\/2021\/10\/3-2-768x768.png 768w, https:\/\/kindredfolk.org\/wp-content\/uploads\/2021\/10\/3-2-640x640.png 640w, https:\/\/kindredfolk.org\/wp-content\/uploads\/2021\/10\/3-2-960x960.png 960w, https:\/\/kindredfolk.org\/wp-content\/uploads\/2021\/10\/3-2.png 1080w\" sizes=\"auto, (max-width: 340px) 100vw, 340px\" \/>                <\/div>\r\n            <div>\r\n                    <img loading=\"lazy\" decoding=\"async\" width=\"340\" height=\"340\" src=\"https:\/\/kindredfolk.org\/wp-content\/uploads\/2021\/10\/4-2-340x340.png\" class=\"attachment-overlap-medium size-overlap-medium\" alt=\"\" srcset=\"https:\/\/kindredfolk.org\/wp-content\/uploads\/2021\/10\/4-2-340x340.png 340w, https:\/\/kindredfolk.org\/wp-content\/uploads\/2021\/10\/4-2-300x300.png 300w, https:\/\/kindredfolk.org\/wp-content\/uploads\/2021\/10\/4-2-1024x1024.png 1024w, https:\/\/kindredfolk.org\/wp-content\/uploads\/2021\/10\/4-2-150x150.png 150w, https:\/\/kindredfolk.org\/wp-content\/uploads\/2021\/10\/4-2-768x768.png 768w, https:\/\/kindredfolk.org\/wp-content\/uploads\/2021\/10\/4-2-640x640.png 640w, https:\/\/kindredfolk.org\/wp-content\/uploads\/2021\/10\/4-2-960x960.png 960w, https:\/\/kindredfolk.org\/wp-content\/uploads\/2021\/10\/4-2.png 1080w\" sizes=\"auto, (max-width: 340px) 100vw, 340px\" \/>                <\/div>\r\n            <div>\r\n                    <img loading=\"lazy\" decoding=\"async\" width=\"340\" height=\"340\" src=\"https:\/\/kindredfolk.org\/wp-content\/uploads\/2021\/10\/6-3-340x340.png\" class=\"attachment-overlap-medium size-overlap-medium\" alt=\"\" srcset=\"https:\/\/kindredfolk.org\/wp-content\/uploads\/2021\/10\/6-3-340x340.png 340w, https:\/\/kindredfolk.org\/wp-content\/uploads\/2021\/10\/6-3-300x300.png 300w, https:\/\/kindredfolk.org\/wp-content\/uploads\/2021\/10\/6-3-1024x1024.png 1024w, https:\/\/kindredfolk.org\/wp-content\/uploads\/2021\/10\/6-3-150x150.png 150w, https:\/\/kindredfolk.org\/wp-content\/uploads\/2021\/10\/6-3-768x768.png 768w, https:\/\/kindredfolk.org\/wp-content\/uploads\/2021\/10\/6-3-640x640.png 640w, https:\/\/kindredfolk.org\/wp-content\/uploads\/2021\/10\/6-3-960x960.png 960w, https:\/\/kindredfolk.org\/wp-content\/uploads\/2021\/10\/6-3.png 1080w\" sizes=\"auto, (max-width: 340px) 100vw, 340px\" \/>                <\/div>\r\n        <\/div>\r\n<\/div><\/div><\/div><\/div><\/section>","protected":false},"excerpt":{"rendered":"CHALK is an activity pack for young people using chalk drawings to inspire movement and creativity! We have 3 CHALK packs catering for different age groups and abilities, with\u00a010 activities [...]","protected":false},"author":1,"featured_media":0,"parent":15,"menu_order":0,"comment_status":"closed","ping_status":"closed","template":"","meta":{"footnotes":""},"class_list":["post-25","page","type-page","status-publish","hentry"],"_links":{"self":[{"href":"http:\/\/kindredfolk.org\/de\/wp-json\/wp\/v2\/pages\/25","targetHints":{"allow":["GET"]}}],"collection":[{"href":"http:\/\/kindredfolk.org\/de\/wp-json\/wp\/v2\/pages"}],"about":[{"href":"http:\/\/kindredfolk.org\/de\/wp-json\/wp\/v2\/types\/page"}],"author":[{"embeddable":true,"href":"http:\/\/kindredfolk.org\/de\/wp-json\/wp\/v2\/users\/1"}],"replies":[{"embeddable":true,"href":"http:\/\/kindredfolk.org\/de\/wp-json\/wp\/v2\/comments?post=25"}],"version-history":[{"count":9,"href":"http:\/\/kindredfolk.org\/de\/wp-json\/wp\/v2\/pages\/25\/revisions"}],"predecessor-version":[{"id":713,"href":"http:\/\/kindredfolk.org\/de\/wp-json\/wp\/v2\/pages\/25\/revisions\/713"}],"up":[{"embeddable":true,"href":"http:\/\/kindredfolk.org\/de\/wp-json\/wp\/v2\/pages\/15"}],"wp:attachment":[{"href":"http:\/\/kindredfolk.org\/de\/wp-json\/wp\/v2\/media?parent=25"}],"curies":[{"name":"wp","href":"https:\/\/api.w.org\/{rel}","templated":true}]}}