{"id":19,"date":"2021-10-03T10:42:16","date_gmt":"2021-10-03T10:42:16","guid":{"rendered":"https:\/\/kindredfolk.org\/?page_id=19"},"modified":"2024-08-30T18:44:11","modified_gmt":"2024-08-30T18:44:11","slug":"professional-development","status":"publish","type":"page","link":"http:\/\/kindredfolk.org\/de\/get-involved\/professional-development","title":{"rendered":"Berufliche Entwicklung"},"content":{"rendered":"<section class=\"w-section\">\r\n<div class=\"row\"><div class=\"col col-12\">\r\n    <div class=\"col-inner\"><div class=\"w-text-block\">\n    <h4 style=\"font-style: normal; font-variant-caps: normal; letter-spacing: normal; orphans: auto; text-indent: 0px; text-transform: none; white-space: normal; widows: auto; word-spacing: 0px; -webkit-text-size-adjust: auto; -webkit-text-stroke-width: 0px; text-decoration: none; caret-color: #000000; color: #000000; text-align: center;\"><span style=\"font-size: 14pt;\">Unser Programm zur beruflichen Weiterentwicklung zielt darauf ab, die Vernetzung, Kommunikation und F\u00fchrungsqualit\u00e4ten von K\u00fcnstlern und Kreativen zu f\u00f6rdern.\u00a0<\/span><\/h4>\n<p style=\"font-style: normal; font-variant-caps: normal; font-weight: normal; letter-spacing: normal; orphans: auto; text-align: start; text-indent: 0px; text-transform: none; white-space: normal; widows: auto; word-spacing: 0px; -webkit-text-size-adjust: auto; -webkit-text-stroke-width: 0px; text-decoration: none; caret-color: #000000; color: #000000;\">\n<\/div><\/div><\/div><\/div><\/section><section class=\"w-section\">\r\n<div class=\"row\"><div class=\"col col-6\">\r\n    <div class=\"col-inner\"><div class=\"w-info-box w-small w-top w-none\">\r\n        <span class=\"w-icon\" style=\"color:#70161e\">\r\n        <i class=\"fa fa-leaf\"><\/i>\r\n        <span class=\"w-border\" style=\"box-shadow: 3px 3px #70161e\"><\/span>\r\n    <\/span>\r\n        <div class=\"w-content\">\r\n                <h4>K\u00fcnstlercoaching<\/h4>\r\n                <p>Individuelles Gespr\u00e4chscoaching.<br \/>\nEine Chance, tiefer in die Materie einzudringen und herauszufinden, was Sie als K\u00fcnstler und Kreativer wollen.<\/p>\n                <p class=\"w-read-more\">\r\n            <a href=\"http:\/\/kindredfolk.org\/de\/get-involved\/professional-development\/artist-coaching\/\" title=\"K\u00fcnstlercoaching\">K\u00fcnstlercoaching<\/a>\r\n        <\/p>\r\n            <\/div>\r\n<\/div><\/div><\/div><div class=\"col col-6\">\r\n    <div class=\"col-inner\"><div class=\"w-info-box w-small w-top w-none\">\r\n        <span class=\"w-icon\" style=\"color:#70161e\">\r\n        <i class=\"fa fa-circle-o\"><\/i>\r\n        <span class=\"w-border\" style=\"box-shadow: 3px 3px #70161e\"><\/span>\r\n    <\/span>\r\n        <div class=\"w-content\">\r\n                <h4>K\u00fcnstlerkreis<\/h4>\r\n                <p>Demn\u00e4chst verf\u00fcgbar \u2026<\/p>\n            <\/div>\r\n<\/div><\/div><\/div><\/div><\/section><section class=\"w-section\">\r\n<div class=\"row\"><div class=\"col col-12\">\r\n    <div class=\"col-inner\"><div class=\"w-text-block\">\n    <h6 style=\"font-style: normal; font-variant-caps: normal; letter-spacing: normal; orphans: auto; text-indent: 0px; text-transform: none; white-space: normal; widows: auto; word-spacing: 0px; -webkit-text-size-adjust: auto; -webkit-text-stroke-width: 0px; text-decoration: none; caret-color: #000000; color: #000000; text-align: center;\">Wenn Sie an einer Zusammenarbeit oder der Entwicklung weiterer Angebote f\u00fcr K\u00fcnstler interessiert sind, kontaktieren Sie uns bitte \u00fcber unser<span class=\"Apple-converted-space\">\u00a0<\/span><span style=\"text-decoration: underline;\"><strong><a href=\"https:\/\/kindredfolk.org\/de\/contact\/\">kontaktiere uns<\/a><\/strong><\/span><\/h6>\n<\/div><\/div><\/div><\/div><\/section>","protected":false},"excerpt":{"rendered":"Our Professional Development programme aims to foster connection, communication and leadership within artists and creatives.\u00a0 Artist Coaching One to one conversational coaching. A chance to dig deeper in to what [...]","protected":false},"author":1,"featured_media":0,"parent":15,"menu_order":0,"comment_status":"closed","ping_status":"closed","template":"","meta":{"footnotes":""},"class_list":["post-19","page","type-page","status-publish","hentry"],"_links":{"self":[{"href":"http:\/\/kindredfolk.org\/de\/wp-json\/wp\/v2\/pages\/19","targetHints":{"allow":["GET"]}}],"collection":[{"href":"http:\/\/kindredfolk.org\/de\/wp-json\/wp\/v2\/pages"}],"about":[{"href":"http:\/\/kindredfolk.org\/de\/wp-json\/wp\/v2\/types\/page"}],"author":[{"embeddable":true,"href":"http:\/\/kindredfolk.org\/de\/wp-json\/wp\/v2\/users\/1"}],"replies":[{"embeddable":true,"href":"http:\/\/kindredfolk.org\/de\/wp-json\/wp\/v2\/comments?post=19"}],"version-history":[{"count":11,"href":"http:\/\/kindredfolk.org\/de\/wp-json\/wp\/v2\/pages\/19\/revisions"}],"predecessor-version":[{"id":454,"href":"http:\/\/kindredfolk.org\/de\/wp-json\/wp\/v2\/pages\/19\/revisions\/454"}],"up":[{"embeddable":true,"href":"http:\/\/kindredfolk.org\/de\/wp-json\/wp\/v2\/pages\/15"}],"wp:attachment":[{"href":"http:\/\/kindredfolk.org\/de\/wp-json\/wp\/v2\/media?parent=19"}],"curies":[{"name":"wp","href":"https:\/\/api.w.org\/{rel}","templated":true}]}}